{"id":145,"date":"2017-05-13T11:22:15","date_gmt":"2017-05-13T09:22:15","guid":{"rendered":"http:\/\/globalportequipment.com\/?page_id=145\/"},"modified":"2025-06-11T11:56:06","modified_gmt":"2025-06-11T09:56:06","slug":"home","status":"publish","type":"page","link":"https:\/\/globalportequipment.com\/es\/","title":{"rendered":"Home"},"content":{"rendered":"<div class=\"easingsliderpro easingsliderpro-3  use-fade\" data-options=\"{&quot;dimensions&quot;:{&quot;width&quot;:970,&quot;height&quot;:340,&quot;responsive&quot;:true},&quot;transitions&quot;:{&quot;effect&quot;:&quot;fade&quot;,&quot;duration&quot;:1000,&quot;touch&quot;:true},&quot;navigation&quot;:{&quot;arrows&quot;:true,&quot;arrows_hover&quot;:true,&quot;arrows_position&quot;:&quot;inside&quot;,&quot;pagination&quot;:true,&quot;pagination_hover&quot;:false,&quot;pagination_position&quot;:&quot;inside&quot;,&quot;pagination_location&quot;:&quot;bottom-center&quot;},&quot;playback&quot;:{&quot;enabled&quot;:true,&quot;pause&quot;:8000}}\" style=\"max-width: 970px; max-height: 340px\">\n    <div class=\"easingsliderpro-viewport\" style=\"padding-top: 35.051546391753% !important;\">\n        <div class=\"easingsliderpro-slides-container\" style=\"display: none; width: 100%; padding-top: 35.051546391753% !important;\">\n                                                    <div class=\"easingsliderpro-slide\" style=\"max-width: 970px; max-height: 340px\">\n                                            <img decoding=\"async\" src=\"https:\/\/globalportequipment.com\/wp-content\/uploads\/2020\/12\/Global-Knowledge-970x340.jpg\" class=\"easingsliderpro-image\" alt=\"\" title=\"Global Knowledge\" \/>\n                                                        <\/div>\n                                        <div class=\"easingsliderpro-slide\" style=\"max-width: 970px; max-height: 340px opacity: 0; display: none;\">\n                                            <img decoding=\"async\" src=\"https:\/\/globalportequipment.com\/wp-content\/uploads\/2020\/12\/Exclusive-Dealerships-970x340.jpg\" class=\"easingsliderpro-image\" alt=\"\" title=\"Exclusive Dealerships\" \/>\n                                                        <\/div>\n                                        <div class=\"easingsliderpro-slide\" style=\"max-width: 970px; max-height: 340px opacity: 0; display: none;\">\n                                            <img decoding=\"async\" src=\"https:\/\/globalportequipment.com\/wp-content\/uploads\/2020\/12\/Service-Desk-970x340.jpg\" class=\"easingsliderpro-image\" alt=\"\" title=\"Service Desk\" \/>\n                                                        <\/div>\n                                        <div class=\"easingsliderpro-slide\" style=\"max-width: 970px; max-height: 340px opacity: 0; display: none;\">\n                                            <img decoding=\"async\" src=\"https:\/\/globalportequipment.com\/wp-content\/uploads\/2020\/12\/Better-Together-970x340.jpg\" class=\"easingsliderpro-image\" alt=\"\" title=\"Better Together\" \/>\n                                                        <\/div>\n                    <\/div>\n    <\/div>\n\n    <div class=\"easingsliderpro-preload\"><\/div>\n\n            <div class=\"easingsliderpro-arrows easingsliderpro-next inside\"><\/div>\n        <div class=\"easingsliderpro-arrows easingsliderpro-prev inside\"><\/div>\n    \n            <div class=\"easingsliderpro-pagination inside bottom-center\">\n                            <div class=\"easingsliderpro-icon\"><\/div>\n                            <div class=\"easingsliderpro-icon\"><\/div>\n                            <div class=\"easingsliderpro-icon\"><\/div>\n                            <div class=\"easingsliderpro-icon\"><\/div>\n                    <\/div>\n    \n        <\/div>\n\n<div class='easingsliderpro-shadow' style='display: none; max-width: 970px; '><\/div>\n<div id=\"buttons\"><a class=\"button\" href=\"https:\/\/globalportequipment.com\/es\/productcategory\/apiladores-telescopicos\/\">Apiladores\/gr\u00faas telesc\u00f3picos<\/a><a class=\"button\" href=\"https:\/\/globalportequipment.com\/es\/productcategory\/montacargas-para-contendores-vacios\/\">Montacargas para contendores vac\u00edos<\/a><a class=\"button\" href=\"https:\/\/globalportequipment.com\/es\/productcategory\/montacargas\/\">Montacargas<\/a><a class=\"button\" href=\"https:\/\/globalportequipment.com\/es\/productcategory\/tractores-es\/\">Tractores<\/a><a class=\"button\" href=\"https:\/\/globalportequipment.com\/es\/dealer\/mantsinen-es\/\">Manipuladores de Materiales<\/a><a class=\"button\" href=\"https:\/\/globalportequipment.com\/es\/productcategory\/remolques-especiales\/\">Remolques especiales<\/a><a class=\"button\" href=\"https:\/\/globalportequipment.com\/es\/productcategory\/cuellos-de-ganso\/\">Cuellos de ganso<\/a><a class=\"button\" href=\"https:\/\/forkliftcenter.com\/ES\/explora-nuestro-stock\" target=\"_blank\" rel=\"noopener noreferrer\">M\u00e1quinas usadas<\/a><\/div>\n","protected":false},"excerpt":{"rendered":"<p>Apiladores\/gr\u00faas telesc\u00f3picosMontacargas para contendores vac\u00edosMontacargasTractoresManipuladores de MaterialesRemolques especialesCuellos de gansoM\u00e1quinas usadas<\/p>\n","protected":false},"author":1,"featured_media":0,"parent":0,"menu_order":0,"comment_status":"closed","ping_status":"closed","template":"","meta":{"_acf_changed":false,"footnotes":""},"class_list":["post-145","page","type-page","status-publish","hentry"],"acf":[],"yoast_head":"<!-- This site is optimized with the Yoast SEO plugin v27.3 - https:\/\/yoast.com\/product\/yoast-seo-wordpress\/ -->\n<title>Global Port Equipment<\/title>\n<meta name=\"robots\" content=\"index, follow, max-snippet:-1, max-image-preview:large, max-video-preview:-1\" \/>\n<link rel=\"canonical\" href=\"https:\/\/globalportequipment.com\/es\/\" \/>\n<meta property=\"og:locale\" content=\"es_ES\" \/>\n<meta property=\"og:type\" content=\"article\" \/>\n<meta property=\"og:title\" content=\"Global Port Equipment\" \/>\n<meta property=\"og:description\" content=\"Apiladores\/gr\u00faas telesc\u00f3picosMontacargas para contendores vac\u00edosMontacargasTractoresManipuladores de MaterialesRemolques especialesCuellos de gansoM\u00e1quinas usadas\" \/>\n<meta property=\"og:url\" content=\"https:\/\/globalportequipment.com\/es\/\" \/>\n<meta property=\"og:site_name\" content=\"Global Port Equipment\" \/>\n<meta property=\"article:modified_time\" content=\"2025-06-11T09:56:06+00:00\" \/>\n<meta name=\"twitter:card\" content=\"summary_large_image\" \/>\n<meta name=\"twitter:label1\" content=\"Tiempo de lectura\" \/>\n\t<meta name=\"twitter:data1\" content=\"1 minuto\" \/>\n<script type=\"application\/ld+json\" class=\"yoast-schema-graph\">{\"@context\":\"https:\\\/\\\/schema.org\",\"@graph\":[{\"@type\":\"WebPage\",\"@id\":\"https:\\\/\\\/globalportequipment.com\\\/es\\\/\",\"url\":\"https:\\\/\\\/globalportequipment.com\\\/es\\\/\",\"name\":\"Global Port Equipment\",\"isPartOf\":{\"@id\":\"https:\\\/\\\/globalportequipment.com\\\/#website\"},\"datePublished\":\"2017-05-13T09:22:15+00:00\",\"dateModified\":\"2025-06-11T09:56:06+00:00\",\"breadcrumb\":{\"@id\":\"https:\\\/\\\/globalportequipment.com\\\/es\\\/#breadcrumb\"},\"inLanguage\":\"es\",\"potentialAction\":[{\"@type\":\"ReadAction\",\"target\":[\"https:\\\/\\\/globalportequipment.com\\\/es\\\/\"]}]},{\"@type\":\"BreadcrumbList\",\"@id\":\"https:\\\/\\\/globalportequipment.com\\\/es\\\/#breadcrumb\",\"itemListElement\":[{\"@type\":\"ListItem\",\"position\":1,\"name\":\"Home\",\"item\":\"https:\\\/\\\/globalportequipment.com\\\/es\\\/\"},{\"@type\":\"ListItem\",\"position\":2,\"name\":\"Home\"}]},{\"@type\":\"WebSite\",\"@id\":\"https:\\\/\\\/globalportequipment.com\\\/#website\",\"url\":\"https:\\\/\\\/globalportequipment.com\\\/\",\"name\":\"Global Port Equipment\",\"description\":\"Container handling equipment and special trailers\",\"publisher\":{\"@id\":\"https:\\\/\\\/globalportequipment.com\\\/#organization\"},\"potentialAction\":[{\"@type\":\"SearchAction\",\"target\":{\"@type\":\"EntryPoint\",\"urlTemplate\":\"https:\\\/\\\/globalportequipment.com\\\/?s={search_term_string}\"},\"query-input\":{\"@type\":\"PropertyValueSpecification\",\"valueRequired\":true,\"valueName\":\"search_term_string\"}}],\"inLanguage\":\"es\"},{\"@type\":\"Organization\",\"@id\":\"https:\\\/\\\/globalportequipment.com\\\/#organization\",\"name\":\"Global Port Equipment\",\"url\":\"https:\\\/\\\/globalportequipment.com\\\/\",\"logo\":{\"@type\":\"ImageObject\",\"inLanguage\":\"es\",\"@id\":\"https:\\\/\\\/globalportequipment.com\\\/#\\\/schema\\\/logo\\\/image\\\/\",\"url\":\"https:\\\/\\\/globalportequipment.com\\\/wp-content\\\/uploads\\\/2019\\\/10\\\/GPELogo.jpg\",\"contentUrl\":\"https:\\\/\\\/globalportequipment.com\\\/wp-content\\\/uploads\\\/2019\\\/10\\\/GPELogo.jpg\",\"width\":919,\"height\":370,\"caption\":\"Global Port Equipment\"},\"image\":{\"@id\":\"https:\\\/\\\/globalportequipment.com\\\/#\\\/schema\\\/logo\\\/image\\\/\"}}]}<\/script>\n<!-- \/ Yoast SEO plugin. -->","yoast_head_json":{"title":"Global Port Equipment","robots":{"index":"index","follow":"follow","max-snippet":"max-snippet:-1","max-image-preview":"max-image-preview:large","max-video-preview":"max-video-preview:-1"},"canonical":"https:\/\/globalportequipment.com\/es\/","og_locale":"es_ES","og_type":"article","og_title":"Global Port Equipment","og_description":"Apiladores\/gr\u00faas telesc\u00f3picosMontacargas para contendores vac\u00edosMontacargasTractoresManipuladores de MaterialesRemolques especialesCuellos de gansoM\u00e1quinas usadas","og_url":"https:\/\/globalportequipment.com\/es\/","og_site_name":"Global Port Equipment","article_modified_time":"2025-06-11T09:56:06+00:00","twitter_card":"summary_large_image","twitter_misc":{"Tiempo de lectura":"1 minuto"},"schema":{"@context":"https:\/\/schema.org","@graph":[{"@type":"WebPage","@id":"https:\/\/globalportequipment.com\/es\/","url":"https:\/\/globalportequipment.com\/es\/","name":"Global Port Equipment","isPartOf":{"@id":"https:\/\/globalportequipment.com\/#website"},"datePublished":"2017-05-13T09:22:15+00:00","dateModified":"2025-06-11T09:56:06+00:00","breadcrumb":{"@id":"https:\/\/globalportequipment.com\/es\/#breadcrumb"},"inLanguage":"es","potentialAction":[{"@type":"ReadAction","target":["https:\/\/globalportequipment.com\/es\/"]}]},{"@type":"BreadcrumbList","@id":"https:\/\/globalportequipment.com\/es\/#breadcrumb","itemListElement":[{"@type":"ListItem","position":1,"name":"Home","item":"https:\/\/globalportequipment.com\/es\/"},{"@type":"ListItem","position":2,"name":"Home"}]},{"@type":"WebSite","@id":"https:\/\/globalportequipment.com\/#website","url":"https:\/\/globalportequipment.com\/","name":"Global Port Equipment","description":"Container handling equipment and special trailers","publisher":{"@id":"https:\/\/globalportequipment.com\/#organization"},"potentialAction":[{"@type":"SearchAction","target":{"@type":"EntryPoint","urlTemplate":"https:\/\/globalportequipment.com\/?s={search_term_string}"},"query-input":{"@type":"PropertyValueSpecification","valueRequired":true,"valueName":"search_term_string"}}],"inLanguage":"es"},{"@type":"Organization","@id":"https:\/\/globalportequipment.com\/#organization","name":"Global Port Equipment","url":"https:\/\/globalportequipment.com\/","logo":{"@type":"ImageObject","inLanguage":"es","@id":"https:\/\/globalportequipment.com\/#\/schema\/logo\/image\/","url":"https:\/\/globalportequipment.com\/wp-content\/uploads\/2019\/10\/GPELogo.jpg","contentUrl":"https:\/\/globalportequipment.com\/wp-content\/uploads\/2019\/10\/GPELogo.jpg","width":919,"height":370,"caption":"Global Port Equipment"},"image":{"@id":"https:\/\/globalportequipment.com\/#\/schema\/logo\/image\/"}}]}},"_links":{"self":[{"href":"https:\/\/globalportequipment.com\/es\/wp-json\/wp\/v2\/pages\/145","targetHints":{"allow":["GET"]}}],"collection":[{"href":"https:\/\/globalportequipment.com\/es\/wp-json\/wp\/v2\/pages"}],"about":[{"href":"https:\/\/globalportequipment.com\/es\/wp-json\/wp\/v2\/types\/page"}],"author":[{"embeddable":true,"href":"https:\/\/globalportequipment.com\/es\/wp-json\/wp\/v2\/users\/1"}],"replies":[{"embeddable":true,"href":"https:\/\/globalportequipment.com\/es\/wp-json\/wp\/v2\/comments?post=145"}],"version-history":[{"count":7,"href":"https:\/\/globalportequipment.com\/es\/wp-json\/wp\/v2\/pages\/145\/revisions"}],"predecessor-version":[{"id":1651,"href":"https:\/\/globalportequipment.com\/es\/wp-json\/wp\/v2\/pages\/145\/revisions\/1651"}],"wp:attachment":[{"href":"https:\/\/globalportequipment.com\/es\/wp-json\/wp\/v2\/media?parent=145"}],"curies":[{"name":"wp","href":"https:\/\/api.w.org\/{rel}","templated":true}]}}