{"id":256,"date":"2017-05-13T11:24:57","date_gmt":"2017-05-13T09:24:57","guid":{"rendered":"http:\/\/globalportequipment.com\/?page_id=256\/"},"modified":"2018-01-26T14:16:54","modified_gmt":"2018-01-26T13:16:54","slug":"nosotros-y-nuestro-objetivo","status":"publish","type":"page","link":"https:\/\/globalportequipment.com\/es\/compania\/nosotros-y-nuestro-objetivo\/","title":{"rendered":"Nosotros y nuestro objetivo"},"content":{"rendered":"<h2>\u00bfQui\u00e9n es Global Port Equipment?<\/h2>\n<p>Global Port Equipment se especializa en la venta, alquiler, repuestos y mantenimiento de equipos de manipulaci\u00f3n de contenedores y remolques especiales. Contamos con sucursales en Panam\u00e1 y Colombia, aunque operamos en todo el mundo.<\/p>\n<p>Trabajamos exclusivamente con marcas de primera calidad que son lideren en la industria y prestamos servicios de post-venta.\u00a0Sabemos muy bien lo importante que es conseguir el equipo portuario adecuado y mantenerlo en excelentes condiciones de trabajo; por eso, le ayudaremos a garantizar que su negocio opere sin interrupciones.<\/p>\n<p>Global Port Equipment es distribuidor de marcas como:<\/p>\n<p>Konecranes: montacargas SMV,\u00a0gr\u00faas telesc\u00f3picas, manipuladores de contenedores vac\u00edos y\u00a0montacargas especiales.<\/p>\n<p>Terberg: remolcadores y veh\u00edculos especializados.<\/p>\n<p>Seacom: semirremolques de plataforma baja, esqueletos, portacontenedores, cuellos de ganso y soportes de almacenamiento.<\/p>\n<p>Stinis: gr\u00faas con balanc\u00edn y apiladores telesc\u00f3picos con balanc\u00edn.<\/p>\n<p>Forkliftcenter: equipos usados de manipulaci\u00f3n de materiales, incluyendo\u00a0montacargas con capacidad de hasta 10 toneladas, adem\u00e1s de equipos usados\u00a0con capacidad de hasta 45 toneladas de marcas como Kalmar, Konecranes, Hyster, Terex, Fantuzzi, Terberg, Mafi y Seacom.<\/p>\n<h2>El objetivo de Global Port Equipment<\/h2>\n<p>Prestar servicios expertos a nivel local, con el apoyo de los principales fabricantes del mundo.\u00a0Nuestro equipo incluye mec\u00e1nicos\u00a0altamente calificados, con amplia experiencia en todo tipo de equipos de manipulaci\u00f3n de contenedores y dem\u00e1s equipos de manipulaci\u00f3n de materiales.<\/p>\n<p>Nuestro nivel de servicio es homog\u00e9neo en todo el mundo: est\u00e9 donde est\u00e9, le responderemos r\u00e1pidamente para que tenga el equipo que necesita. Si surgiera alg\u00fan problema, tenemos un servicio integral de atenci\u00f3n al cliente para garantizarle el menor tiempo de inactividad posible. Para eso, le ofrecemos acceso directo a las piezas de repuesto de todos los equipos con los que trabajamos, adem\u00e1s de nuestro grupo de mec\u00e1nicos de emergencias que se encargar\u00e1 de las tareas de mantenimiento y reparaci\u00f3n en sus instalaciones.<\/p>\n<p>La gama de marcas l\u00edderes y el nivel de atenci\u00f3n postventa que ofrecemos de muestra que tenemos la capacidad y las condiciones para ser su socio de servicios integrales para equipos de manipulaci\u00f3n de contenedores y remolques.<\/p>\n","protected":false},"excerpt":{"rendered":"<p>\u00bfQui\u00e9n es Global Port Equipment? Global Port Equipment se especializa en la venta, alquiler, repuestos y mantenimiento de equipos de manipulaci\u00f3n de contenedores y remolques especiales. Contamos con sucursales en Panam\u00e1 y Colombia, aunque operamos en todo el mundo. Trabajamos exclusivamente con marcas de primera calidad que son lideren en la industria y prestamos servicios [&hellip;]<\/p>\n","protected":false},"author":1,"featured_media":315,"parent":254,"menu_order":0,"comment_status":"closed","ping_status":"closed","template":"","meta":{"_acf_changed":false,"footnotes":""},"class_list":["post-256","page","type-page","status-publish","has-post-thumbnail","hentry"],"acf":[],"yoast_head":"<!-- This site is optimized with the Yoast SEO plugin v27.4 - https:\/\/yoast.com\/product\/yoast-seo-wordpress\/ -->\n<title>Nosotros y nuestro objetivo - Global Port Equipment<\/title>\n<meta name=\"robots\" content=\"index, follow, max-snippet:-1, max-image-preview:large, max-video-preview:-1\" \/>\n<link rel=\"canonical\" href=\"https:\/\/globalportequipment.com\/es\/compania\/nosotros-y-nuestro-objetivo\/\" \/>\n<meta property=\"og:locale\" content=\"es_ES\" \/>\n<meta property=\"og:type\" content=\"article\" \/>\n<meta property=\"og:title\" content=\"Nosotros y nuestro objetivo - Global Port Equipment\" \/>\n<meta property=\"og:description\" content=\"\u00bfQui\u00e9n es Global Port Equipment? Global Port Equipment se especializa en la venta, alquiler, repuestos y mantenimiento de equipos de manipulaci\u00f3n de contenedores y remolques especiales. Contamos con sucursales en Panam\u00e1 y Colombia, aunque operamos en todo el mundo. Trabajamos exclusivamente con marcas de primera calidad que son lideren en la industria y prestamos servicios [&hellip;]\" \/>\n<meta property=\"og:url\" content=\"https:\/\/globalportequipment.com\/es\/compania\/nosotros-y-nuestro-objetivo\/\" \/>\n<meta property=\"og:site_name\" content=\"Global Port Equipment\" \/>\n<meta property=\"article:modified_time\" content=\"2018-01-26T13:16:54+00:00\" \/>\n<meta property=\"og:image\" content=\"https:\/\/globalportequipment.com\/wp-content\/uploads\/2017\/05\/who.jpg\" \/>\n\t<meta property=\"og:image:width\" content=\"970\" \/>\n\t<meta property=\"og:image:height\" content=\"348\" \/>\n\t<meta property=\"og:image:type\" content=\"image\/jpeg\" \/>\n<meta name=\"twitter:card\" content=\"summary_large_image\" \/>\n<meta name=\"twitter:label1\" content=\"Tiempo de lectura\" \/>\n\t<meta name=\"twitter:data1\" content=\"2 minutos\" \/>\n<script type=\"application\/ld+json\" class=\"yoast-schema-graph\">{\"@context\":\"https:\\\/\\\/schema.org\",\"@graph\":[{\"@type\":\"WebPage\",\"@id\":\"https:\\\/\\\/globalportequipment.com\\\/es\\\/compania\\\/nosotros-y-nuestro-objetivo\\\/\",\"url\":\"https:\\\/\\\/globalportequipment.com\\\/es\\\/compania\\\/nosotros-y-nuestro-objetivo\\\/\",\"name\":\"Nosotros y nuestro objetivo - Global Port Equipment\",\"isPartOf\":{\"@id\":\"https:\\\/\\\/globalportequipment.com\\\/#website\"},\"primaryImageOfPage\":{\"@id\":\"https:\\\/\\\/globalportequipment.com\\\/es\\\/compania\\\/nosotros-y-nuestro-objetivo\\\/#primaryimage\"},\"image\":{\"@id\":\"https:\\\/\\\/globalportequipment.com\\\/es\\\/compania\\\/nosotros-y-nuestro-objetivo\\\/#primaryimage\"},\"thumbnailUrl\":\"https:\\\/\\\/globalportequipment.com\\\/wp-content\\\/uploads\\\/2017\\\/05\\\/who.jpg\",\"datePublished\":\"2017-05-13T09:24:57+00:00\",\"dateModified\":\"2018-01-26T13:16:54+00:00\",\"breadcrumb\":{\"@id\":\"https:\\\/\\\/globalportequipment.com\\\/es\\\/compania\\\/nosotros-y-nuestro-objetivo\\\/#breadcrumb\"},\"inLanguage\":\"es\",\"potentialAction\":[{\"@type\":\"ReadAction\",\"target\":[\"https:\\\/\\\/globalportequipment.com\\\/es\\\/compania\\\/nosotros-y-nuestro-objetivo\\\/\"]}]},{\"@type\":\"ImageObject\",\"inLanguage\":\"es\",\"@id\":\"https:\\\/\\\/globalportequipment.com\\\/es\\\/compania\\\/nosotros-y-nuestro-objetivo\\\/#primaryimage\",\"url\":\"https:\\\/\\\/globalportequipment.com\\\/wp-content\\\/uploads\\\/2017\\\/05\\\/who.jpg\",\"contentUrl\":\"https:\\\/\\\/globalportequipment.com\\\/wp-content\\\/uploads\\\/2017\\\/05\\\/who.jpg\",\"width\":970,\"height\":348},{\"@type\":\"BreadcrumbList\",\"@id\":\"https:\\\/\\\/globalportequipment.com\\\/es\\\/compania\\\/nosotros-y-nuestro-objetivo\\\/#breadcrumb\",\"itemListElement\":[{\"@type\":\"ListItem\",\"position\":1,\"name\":\"Home\",\"item\":\"https:\\\/\\\/globalportequipment.com\\\/es\\\/\"},{\"@type\":\"ListItem\",\"position\":2,\"name\":\"Compa\u00f1\u00eda\",\"item\":\"https:\\\/\\\/globalportequipment.com\\\/es\\\/compania\\\/\"},{\"@type\":\"ListItem\",\"position\":3,\"name\":\"Nosotros y nuestro objetivo\"}]},{\"@type\":\"WebSite\",\"@id\":\"https:\\\/\\\/globalportequipment.com\\\/#website\",\"url\":\"https:\\\/\\\/globalportequipment.com\\\/\",\"name\":\"Global Port Equipment\",\"description\":\"Container handling equipment and special trailers\",\"publisher\":{\"@id\":\"https:\\\/\\\/globalportequipment.com\\\/#organization\"},\"potentialAction\":[{\"@type\":\"SearchAction\",\"target\":{\"@type\":\"EntryPoint\",\"urlTemplate\":\"https:\\\/\\\/globalportequipment.com\\\/?s={search_term_string}\"},\"query-input\":{\"@type\":\"PropertyValueSpecification\",\"valueRequired\":true,\"valueName\":\"search_term_string\"}}],\"inLanguage\":\"es\"},{\"@type\":\"Organization\",\"@id\":\"https:\\\/\\\/globalportequipment.com\\\/#organization\",\"name\":\"Global Port Equipment\",\"url\":\"https:\\\/\\\/globalportequipment.com\\\/\",\"logo\":{\"@type\":\"ImageObject\",\"inLanguage\":\"es\",\"@id\":\"https:\\\/\\\/globalportequipment.com\\\/#\\\/schema\\\/logo\\\/image\\\/\",\"url\":\"https:\\\/\\\/globalportequipment.com\\\/wp-content\\\/uploads\\\/2019\\\/10\\\/GPELogo.jpg\",\"contentUrl\":\"https:\\\/\\\/globalportequipment.com\\\/wp-content\\\/uploads\\\/2019\\\/10\\\/GPELogo.jpg\",\"width\":919,\"height\":370,\"caption\":\"Global Port Equipment\"},\"image\":{\"@id\":\"https:\\\/\\\/globalportequipment.com\\\/#\\\/schema\\\/logo\\\/image\\\/\"}}]}<\/script>\n<!-- \/ Yoast SEO plugin. -->","yoast_head_json":{"title":"Nosotros y nuestro objetivo - Global Port Equipment","robots":{"index":"index","follow":"follow","max-snippet":"max-snippet:-1","max-image-preview":"max-image-preview:large","max-video-preview":"max-video-preview:-1"},"canonical":"https:\/\/globalportequipment.com\/es\/compania\/nosotros-y-nuestro-objetivo\/","og_locale":"es_ES","og_type":"article","og_title":"Nosotros y nuestro objetivo - Global Port Equipment","og_description":"\u00bfQui\u00e9n es Global Port Equipment? Global Port Equipment se especializa en la venta, alquiler, repuestos y mantenimiento de equipos de manipulaci\u00f3n de contenedores y remolques especiales. Contamos con sucursales en Panam\u00e1 y Colombia, aunque operamos en todo el mundo. Trabajamos exclusivamente con marcas de primera calidad que son lideren en la industria y prestamos servicios [&hellip;]","og_url":"https:\/\/globalportequipment.com\/es\/compania\/nosotros-y-nuestro-objetivo\/","og_site_name":"Global Port Equipment","article_modified_time":"2018-01-26T13:16:54+00:00","og_image":[{"width":970,"height":348,"url":"https:\/\/globalportequipment.com\/wp-content\/uploads\/2017\/05\/who.jpg","type":"image\/jpeg"}],"twitter_card":"summary_large_image","twitter_misc":{"Tiempo de lectura":"2 minutos"},"schema":{"@context":"https:\/\/schema.org","@graph":[{"@type":"WebPage","@id":"https:\/\/globalportequipment.com\/es\/compania\/nosotros-y-nuestro-objetivo\/","url":"https:\/\/globalportequipment.com\/es\/compania\/nosotros-y-nuestro-objetivo\/","name":"Nosotros y nuestro objetivo - Global Port Equipment","isPartOf":{"@id":"https:\/\/globalportequipment.com\/#website"},"primaryImageOfPage":{"@id":"https:\/\/globalportequipment.com\/es\/compania\/nosotros-y-nuestro-objetivo\/#primaryimage"},"image":{"@id":"https:\/\/globalportequipment.com\/es\/compania\/nosotros-y-nuestro-objetivo\/#primaryimage"},"thumbnailUrl":"https:\/\/globalportequipment.com\/wp-content\/uploads\/2017\/05\/who.jpg","datePublished":"2017-05-13T09:24:57+00:00","dateModified":"2018-01-26T13:16:54+00:00","breadcrumb":{"@id":"https:\/\/globalportequipment.com\/es\/compania\/nosotros-y-nuestro-objetivo\/#breadcrumb"},"inLanguage":"es","potentialAction":[{"@type":"ReadAction","target":["https:\/\/globalportequipment.com\/es\/compania\/nosotros-y-nuestro-objetivo\/"]}]},{"@type":"ImageObject","inLanguage":"es","@id":"https:\/\/globalportequipment.com\/es\/compania\/nosotros-y-nuestro-objetivo\/#primaryimage","url":"https:\/\/globalportequipment.com\/wp-content\/uploads\/2017\/05\/who.jpg","contentUrl":"https:\/\/globalportequipment.com\/wp-content\/uploads\/2017\/05\/who.jpg","width":970,"height":348},{"@type":"BreadcrumbList","@id":"https:\/\/globalportequipment.com\/es\/compania\/nosotros-y-nuestro-objetivo\/#breadcrumb","itemListElement":[{"@type":"ListItem","position":1,"name":"Home","item":"https:\/\/globalportequipment.com\/es\/"},{"@type":"ListItem","position":2,"name":"Compa\u00f1\u00eda","item":"https:\/\/globalportequipment.com\/es\/compania\/"},{"@type":"ListItem","position":3,"name":"Nosotros y nuestro objetivo"}]},{"@type":"WebSite","@id":"https:\/\/globalportequipment.com\/#website","url":"https:\/\/globalportequipment.com\/","name":"Global Port Equipment","description":"Container handling equipment and special trailers","publisher":{"@id":"https:\/\/globalportequipment.com\/#organization"},"potentialAction":[{"@type":"SearchAction","target":{"@type":"EntryPoint","urlTemplate":"https:\/\/globalportequipment.com\/?s={search_term_string}"},"query-input":{"@type":"PropertyValueSpecification","valueRequired":true,"valueName":"search_term_string"}}],"inLanguage":"es"},{"@type":"Organization","@id":"https:\/\/globalportequipment.com\/#organization","name":"Global Port Equipment","url":"https:\/\/globalportequipment.com\/","logo":{"@type":"ImageObject","inLanguage":"es","@id":"https:\/\/globalportequipment.com\/#\/schema\/logo\/image\/","url":"https:\/\/globalportequipment.com\/wp-content\/uploads\/2019\/10\/GPELogo.jpg","contentUrl":"https:\/\/globalportequipment.com\/wp-content\/uploads\/2019\/10\/GPELogo.jpg","width":919,"height":370,"caption":"Global Port Equipment"},"image":{"@id":"https:\/\/globalportequipment.com\/#\/schema\/logo\/image\/"}}]}},"_links":{"self":[{"href":"https:\/\/globalportequipment.com\/es\/wp-json\/wp\/v2\/pages\/256","targetHints":{"allow":["GET"]}}],"collection":[{"href":"https:\/\/globalportequipment.com\/es\/wp-json\/wp\/v2\/pages"}],"about":[{"href":"https:\/\/globalportequipment.com\/es\/wp-json\/wp\/v2\/types\/page"}],"author":[{"embeddable":true,"href":"https:\/\/globalportequipment.com\/es\/wp-json\/wp\/v2\/users\/1"}],"replies":[{"embeddable":true,"href":"https:\/\/globalportequipment.com\/es\/wp-json\/wp\/v2\/comments?post=256"}],"version-history":[{"count":1,"href":"https:\/\/globalportequipment.com\/es\/wp-json\/wp\/v2\/pages\/256\/revisions"}],"predecessor-version":[{"id":1071,"href":"https:\/\/globalportequipment.com\/es\/wp-json\/wp\/v2\/pages\/256\/revisions\/1071"}],"up":[{"embeddable":true,"href":"https:\/\/globalportequipment.com\/es\/wp-json\/wp\/v2\/pages\/254"}],"wp:featuredmedia":[{"embeddable":true,"href":"https:\/\/globalportequipment.com\/es\/wp-json\/wp\/v2\/media\/315"}],"wp:attachment":[{"href":"https:\/\/globalportequipment.com\/es\/wp-json\/wp\/v2\/media?parent=256"}],"curies":[{"name":"wp","href":"https:\/\/api.w.org\/{rel}","templated":true}]}}