{"id":265,"date":"2017-05-13T11:26:06","date_gmt":"2017-05-13T09:26:06","guid":{"rendered":"http:\/\/globalportequipment.com\/?page_id=265\/"},"modified":"2017-12-04T10:44:56","modified_gmt":"2017-12-04T09:44:56","slug":"consecionarios","status":"publish","type":"page","link":"https:\/\/globalportequipment.com\/es\/consecionarios\/","title":{"rendered":"Consecionarios"},"content":{"rendered":"<p><strong>Global Port Equipment es distribuidor oficial de\u00a0fabricantes l\u00edderes en el\u00a0 mundo de la industria portuaria mundial.\u00a0<\/strong><\/p>\n<h2>Konecranes<\/h2>\n<p>Konecranes es\u00a0una empresa Finlandesa,\u00a0especializada en la fabricaci\u00f3n \u00a0de gr\u00faas y equipos\u00a0montacargas. Es uno de los mayores fabricantes de gr\u00faas y equipos portuarios del mundo, adem\u00e1s de terminales de material a granel y terminales intermodales.\u00a0Su especializaci\u00f3n son los montacargas tanto para contenedores llenos como vacios con capacidad de 10-60 toneladas y gruas telesc\u00f3picas.<\/p>\n<h2>Terberg<\/h2>\n<p>Terberg es un fabricante holand\u00e9s de\u00a0tracto camiones y veh\u00edculos especializados. es una de las empresas con m\u00e1s antig\u00fcedad en la industria, con una trayectoria de m\u00e1s de 145 a\u00f1os.\u00a0Se especializa en remolcadores de carga rodada, remolcadores para playas y terminales, transporte de cajas m\u00f3viles, remolcadores para carreteras y ferrocarriles, veh\u00edculos espec\u00edficos para ingenier\u00eda civil y remolcadores de plataformas.<\/p>\n<h2>Stinis<\/h2>\n<p>Stinis es un fabricante de equipos de manipulaci\u00f3n y elevaci\u00f3n de contenedores l\u00edder a nivel mundial. Suministra equipos a diversos puertos de todo el mundo desde hace 50 a\u00f1os.\u00a0Especialista en gr\u00faas p\u00f3rtico de muelle, balancines Split-Headblock, gr\u00faas con balanc\u00edn para playas, balancines para carretillas p\u00f3rtico, balancines para gr\u00faas m\u00f3viles portuarias, balancines fijos, etc.<\/p>\n<h2>Seacom<\/h2>\n<p>Seacom es un fabricante l\u00edder de equipos pesados de transporte para puertos y diversas industrias. Su sede central se encuentra en Suiza y suministra equipos desde hace 40 a\u00f1os. Ofrecemos una amplia variedad de productos, entre ellos, remolques bajos, semirremolques de plataforma baja, esqueletos, portacontenedores, cuellos de ganso y soportes de almacenamiento.<\/p>\n<h2>Forkliftcenter<\/h2>\n<p>Global Port Equipment es distribuidor de Forkliftcenter, el proveedor independiente l\u00edder de\u00a0montacargas nuevas y usadas. Con sede en los Pa\u00edses Bajos, la compa\u00f1\u00eda opera en todo el mundo con una amplia gama de\u00a0equipos usados de primera calidad que podr\u00e1 emplear con total tranquilidad. En asociaci\u00f3n con Forkliftcenter, ofrecemos varias marcas, entre ellas Konecranes, Kalmar, Terex, Hyster, Terberg, Fantuzzi, Seacom y Mafi.<\/p>\n<p>&nbsp;<\/p>\n","protected":false},"excerpt":{"rendered":"<p>Global Port Equipment es distribuidor oficial de\u00a0fabricantes l\u00edderes en el\u00a0 mundo de la industria portuaria mundial.\u00a0 Konecranes Konecranes es\u00a0una empresa Finlandesa,\u00a0especializada en la fabricaci\u00f3n \u00a0de gr\u00faas y equipos\u00a0montacargas. Es uno de los mayores fabricantes de gr\u00faas y equipos portuarios del mundo, adem\u00e1s de terminales de material a granel y terminales intermodales.\u00a0Su especializaci\u00f3n son los montacargas [&hellip;]<\/p>\n","protected":false},"author":1,"featured_media":1487,"parent":0,"menu_order":3,"comment_status":"closed","ping_status":"closed","template":"","meta":{"_acf_changed":false,"footnotes":""},"class_list":["post-265","page","type-page","status-publish","has-post-thumbnail","hentry"],"acf":[],"yoast_head":"<!-- This site is optimized with the Yoast SEO plugin v27.4 - https:\/\/yoast.com\/product\/yoast-seo-wordpress\/ -->\n<title>Consecionarios - Global Port Equipment<\/title>\n<meta name=\"robots\" content=\"index, follow, max-snippet:-1, max-image-preview:large, max-video-preview:-1\" \/>\n<link rel=\"canonical\" href=\"https:\/\/globalportequipment.com\/es\/consecionarios\/\" \/>\n<meta property=\"og:locale\" content=\"es_ES\" \/>\n<meta property=\"og:type\" content=\"article\" \/>\n<meta property=\"og:title\" content=\"Consecionarios - Global Port Equipment\" \/>\n<meta property=\"og:description\" content=\"Global Port Equipment es distribuidor oficial de\u00a0fabricantes l\u00edderes en el\u00a0 mundo de la industria portuaria mundial.\u00a0 Konecranes Konecranes es\u00a0una empresa Finlandesa,\u00a0especializada en la fabricaci\u00f3n \u00a0de gr\u00faas y equipos\u00a0montacargas. Es uno de los mayores fabricantes de gr\u00faas y equipos portuarios del mundo, adem\u00e1s de terminales de material a granel y terminales intermodales.\u00a0Su especializaci\u00f3n son los montacargas [&hellip;]\" \/>\n<meta property=\"og:url\" content=\"https:\/\/globalportequipment.com\/es\/consecionarios\/\" \/>\n<meta property=\"og:site_name\" content=\"Global Port Equipment\" \/>\n<meta property=\"article:modified_time\" content=\"2017-12-04T09:44:56+00:00\" \/>\n<meta property=\"og:image\" content=\"https:\/\/globalportequipment.com\/wp-content\/uploads\/2019\/10\/GPELogo-1.jpg\" \/>\n\t<meta property=\"og:image:width\" content=\"919\" \/>\n\t<meta property=\"og:image:height\" content=\"370\" \/>\n\t<meta property=\"og:image:type\" content=\"image\/jpeg\" \/>\n<meta name=\"twitter:card\" content=\"summary_large_image\" \/>\n<meta name=\"twitter:label1\" content=\"Tiempo de lectura\" \/>\n\t<meta name=\"twitter:data1\" content=\"2 minutos\" \/>\n<script type=\"application\/ld+json\" class=\"yoast-schema-graph\">{\"@context\":\"https:\\\/\\\/schema.org\",\"@graph\":[{\"@type\":\"WebPage\",\"@id\":\"https:\\\/\\\/globalportequipment.com\\\/es\\\/consecionarios\\\/\",\"url\":\"https:\\\/\\\/globalportequipment.com\\\/es\\\/consecionarios\\\/\",\"name\":\"Consecionarios - Global Port Equipment\",\"isPartOf\":{\"@id\":\"https:\\\/\\\/globalportequipment.com\\\/#website\"},\"primaryImageOfPage\":{\"@id\":\"https:\\\/\\\/globalportequipment.com\\\/es\\\/consecionarios\\\/#primaryimage\"},\"image\":{\"@id\":\"https:\\\/\\\/globalportequipment.com\\\/es\\\/consecionarios\\\/#primaryimage\"},\"thumbnailUrl\":\"https:\\\/\\\/globalportequipment.com\\\/wp-content\\\/uploads\\\/2019\\\/10\\\/GPELogo-1.jpg\",\"datePublished\":\"2017-05-13T09:26:06+00:00\",\"dateModified\":\"2017-12-04T09:44:56+00:00\",\"breadcrumb\":{\"@id\":\"https:\\\/\\\/globalportequipment.com\\\/es\\\/consecionarios\\\/#breadcrumb\"},\"inLanguage\":\"es\",\"potentialAction\":[{\"@type\":\"ReadAction\",\"target\":[\"https:\\\/\\\/globalportequipment.com\\\/es\\\/consecionarios\\\/\"]}]},{\"@type\":\"ImageObject\",\"inLanguage\":\"es\",\"@id\":\"https:\\\/\\\/globalportequipment.com\\\/es\\\/consecionarios\\\/#primaryimage\",\"url\":\"https:\\\/\\\/globalportequipment.com\\\/wp-content\\\/uploads\\\/2019\\\/10\\\/GPELogo-1.jpg\",\"contentUrl\":\"https:\\\/\\\/globalportequipment.com\\\/wp-content\\\/uploads\\\/2019\\\/10\\\/GPELogo-1.jpg\",\"width\":919,\"height\":370},{\"@type\":\"BreadcrumbList\",\"@id\":\"https:\\\/\\\/globalportequipment.com\\\/es\\\/consecionarios\\\/#breadcrumb\",\"itemListElement\":[{\"@type\":\"ListItem\",\"position\":1,\"name\":\"Home\",\"item\":\"https:\\\/\\\/globalportequipment.com\\\/es\\\/\"},{\"@type\":\"ListItem\",\"position\":2,\"name\":\"Consecionarios\"}]},{\"@type\":\"WebSite\",\"@id\":\"https:\\\/\\\/globalportequipment.com\\\/#website\",\"url\":\"https:\\\/\\\/globalportequipment.com\\\/\",\"name\":\"Global Port Equipment\",\"description\":\"Container handling equipment and special trailers\",\"publisher\":{\"@id\":\"https:\\\/\\\/globalportequipment.com\\\/#organization\"},\"potentialAction\":[{\"@type\":\"SearchAction\",\"target\":{\"@type\":\"EntryPoint\",\"urlTemplate\":\"https:\\\/\\\/globalportequipment.com\\\/?s={search_term_string}\"},\"query-input\":{\"@type\":\"PropertyValueSpecification\",\"valueRequired\":true,\"valueName\":\"search_term_string\"}}],\"inLanguage\":\"es\"},{\"@type\":\"Organization\",\"@id\":\"https:\\\/\\\/globalportequipment.com\\\/#organization\",\"name\":\"Global Port Equipment\",\"url\":\"https:\\\/\\\/globalportequipment.com\\\/\",\"logo\":{\"@type\":\"ImageObject\",\"inLanguage\":\"es\",\"@id\":\"https:\\\/\\\/globalportequipment.com\\\/#\\\/schema\\\/logo\\\/image\\\/\",\"url\":\"https:\\\/\\\/globalportequipment.com\\\/wp-content\\\/uploads\\\/2019\\\/10\\\/GPELogo.jpg\",\"contentUrl\":\"https:\\\/\\\/globalportequipment.com\\\/wp-content\\\/uploads\\\/2019\\\/10\\\/GPELogo.jpg\",\"width\":919,\"height\":370,\"caption\":\"Global Port Equipment\"},\"image\":{\"@id\":\"https:\\\/\\\/globalportequipment.com\\\/#\\\/schema\\\/logo\\\/image\\\/\"}}]}<\/script>\n<!-- \/ Yoast SEO plugin. -->","yoast_head_json":{"title":"Consecionarios - Global Port Equipment","robots":{"index":"index","follow":"follow","max-snippet":"max-snippet:-1","max-image-preview":"max-image-preview:large","max-video-preview":"max-video-preview:-1"},"canonical":"https:\/\/globalportequipment.com\/es\/consecionarios\/","og_locale":"es_ES","og_type":"article","og_title":"Consecionarios - Global Port Equipment","og_description":"Global Port Equipment es distribuidor oficial de\u00a0fabricantes l\u00edderes en el\u00a0 mundo de la industria portuaria mundial.\u00a0 Konecranes Konecranes es\u00a0una empresa Finlandesa,\u00a0especializada en la fabricaci\u00f3n \u00a0de gr\u00faas y equipos\u00a0montacargas. Es uno de los mayores fabricantes de gr\u00faas y equipos portuarios del mundo, adem\u00e1s de terminales de material a granel y terminales intermodales.\u00a0Su especializaci\u00f3n son los montacargas [&hellip;]","og_url":"https:\/\/globalportequipment.com\/es\/consecionarios\/","og_site_name":"Global Port Equipment","article_modified_time":"2017-12-04T09:44:56+00:00","og_image":[{"width":919,"height":370,"url":"https:\/\/globalportequipment.com\/wp-content\/uploads\/2019\/10\/GPELogo-1.jpg","type":"image\/jpeg"}],"twitter_card":"summary_large_image","twitter_misc":{"Tiempo de lectura":"2 minutos"},"schema":{"@context":"https:\/\/schema.org","@graph":[{"@type":"WebPage","@id":"https:\/\/globalportequipment.com\/es\/consecionarios\/","url":"https:\/\/globalportequipment.com\/es\/consecionarios\/","name":"Consecionarios - Global Port Equipment","isPartOf":{"@id":"https:\/\/globalportequipment.com\/#website"},"primaryImageOfPage":{"@id":"https:\/\/globalportequipment.com\/es\/consecionarios\/#primaryimage"},"image":{"@id":"https:\/\/globalportequipment.com\/es\/consecionarios\/#primaryimage"},"thumbnailUrl":"https:\/\/globalportequipment.com\/wp-content\/uploads\/2019\/10\/GPELogo-1.jpg","datePublished":"2017-05-13T09:26:06+00:00","dateModified":"2017-12-04T09:44:56+00:00","breadcrumb":{"@id":"https:\/\/globalportequipment.com\/es\/consecionarios\/#breadcrumb"},"inLanguage":"es","potentialAction":[{"@type":"ReadAction","target":["https:\/\/globalportequipment.com\/es\/consecionarios\/"]}]},{"@type":"ImageObject","inLanguage":"es","@id":"https:\/\/globalportequipment.com\/es\/consecionarios\/#primaryimage","url":"https:\/\/globalportequipment.com\/wp-content\/uploads\/2019\/10\/GPELogo-1.jpg","contentUrl":"https:\/\/globalportequipment.com\/wp-content\/uploads\/2019\/10\/GPELogo-1.jpg","width":919,"height":370},{"@type":"BreadcrumbList","@id":"https:\/\/globalportequipment.com\/es\/consecionarios\/#breadcrumb","itemListElement":[{"@type":"ListItem","position":1,"name":"Home","item":"https:\/\/globalportequipment.com\/es\/"},{"@type":"ListItem","position":2,"name":"Consecionarios"}]},{"@type":"WebSite","@id":"https:\/\/globalportequipment.com\/#website","url":"https:\/\/globalportequipment.com\/","name":"Global Port Equipment","description":"Container handling equipment and special trailers","publisher":{"@id":"https:\/\/globalportequipment.com\/#organization"},"potentialAction":[{"@type":"SearchAction","target":{"@type":"EntryPoint","urlTemplate":"https:\/\/globalportequipment.com\/?s={search_term_string}"},"query-input":{"@type":"PropertyValueSpecification","valueRequired":true,"valueName":"search_term_string"}}],"inLanguage":"es"},{"@type":"Organization","@id":"https:\/\/globalportequipment.com\/#organization","name":"Global Port Equipment","url":"https:\/\/globalportequipment.com\/","logo":{"@type":"ImageObject","inLanguage":"es","@id":"https:\/\/globalportequipment.com\/#\/schema\/logo\/image\/","url":"https:\/\/globalportequipment.com\/wp-content\/uploads\/2019\/10\/GPELogo.jpg","contentUrl":"https:\/\/globalportequipment.com\/wp-content\/uploads\/2019\/10\/GPELogo.jpg","width":919,"height":370,"caption":"Global Port Equipment"},"image":{"@id":"https:\/\/globalportequipment.com\/#\/schema\/logo\/image\/"}}]}},"_links":{"self":[{"href":"https:\/\/globalportequipment.com\/es\/wp-json\/wp\/v2\/pages\/265","targetHints":{"allow":["GET"]}}],"collection":[{"href":"https:\/\/globalportequipment.com\/es\/wp-json\/wp\/v2\/pages"}],"about":[{"href":"https:\/\/globalportequipment.com\/es\/wp-json\/wp\/v2\/types\/page"}],"author":[{"embeddable":true,"href":"https:\/\/globalportequipment.com\/es\/wp-json\/wp\/v2\/users\/1"}],"replies":[{"embeddable":true,"href":"https:\/\/globalportequipment.com\/es\/wp-json\/wp\/v2\/comments?post=265"}],"version-history":[{"count":0,"href":"https:\/\/globalportequipment.com\/es\/wp-json\/wp\/v2\/pages\/265\/revisions"}],"wp:featuredmedia":[{"embeddable":true,"href":"https:\/\/globalportequipment.com\/es\/wp-json\/wp\/v2\/media\/1487"}],"wp:attachment":[{"href":"https:\/\/globalportequipment.com\/es\/wp-json\/wp\/v2\/media?parent=265"}],"curies":[{"name":"wp","href":"https:\/\/api.w.org\/{rel}","templated":true}]}}