{"id":266,"date":"2017-05-13T11:29:28","date_gmt":"2017-05-13T09:29:28","guid":{"rendered":"http:\/\/globalportequipment.com\/?page_id=266\/"},"modified":"2018-01-26T16:15:43","modified_gmt":"2018-01-26T15:15:43","slug":"adquisicion","status":"publish","type":"page","link":"https:\/\/globalportequipment.com\/es\/equipos\/adquisicion\/","title":{"rendered":"Adquisici\u00f3n"},"content":{"rendered":"<p>Global Port Equipment compra montacargas usadas, de modo que si usted tiene alguna para vender, no dude en <a href=\"https:\/\/globalportequipment.com\/es\/compania\/contacto\/\">comunicarse con nosotros<\/a>. Compramos una amplia gama de marcas de montacargas, entre ellas, Konecranes, Terberg, Stinis y Seacom. Tambi\u00e9n compramos diferentes tipos de montacargas para asegurarnos de tener siempre una amplia selecci\u00f3n de existencias para ofrecerles a nuestros clientes.<\/p>\n<p>Usted nos compra a nosotros y nosotros le compramos a usted.<\/p>\n<p>Si nos vende su montacargas a nosotros, tendr\u00e1 varias ventajas. En primer lugar, procesaremos la transacci\u00f3n r\u00e1pidamente para que pueda disponer del efectivo sin tener que perder tiempo buscando clientes. En segundo lugar, somos un proveedor respetado de montacargas y equipos relacionados, de modo que tendr\u00e1 la tranquilidad de que la transacci\u00f3n est\u00e1 asegurada. Y por \u00faltimo, ofrecemos tarifas justas para las montacargas que compramos.<\/p>\n<p><strong>Pida una cotizaci\u00f3n<\/strong><\/p>\n<p>Comun\u00edquese con nuestro equipo hoy mismo para darnos informaci\u00f3n sobre la montacargas que quiera vender. As\u00ed, podremos iniciar el proceso de cotizaci\u00f3n.<\/p>\n<p>Tambi\u00e9n puede permutar una montacargas que ya tenga: puede entregarla en parte de pago por una montacargas nueva u otra usada, de modo que tendr\u00e1 m\u00e1s opciones para elegir y acceso inmediato al capital atado a la m\u00e1quina que ya tiene.<\/p>\n<p>Para obtener m\u00e1s informaci\u00f3n, <a href=\"https:\/\/globalportequipment.com\/es\/compania\/contacto\/\">comun\u00edquese con nosotros<\/a> hoy mismo.<\/p>\n","protected":false},"excerpt":{"rendered":"<p>Global Port Equipment compra montacargas usadas, de modo que si usted tiene alguna para vender, no dude en comunicarse con nosotros. Compramos una amplia gama de marcas de montacargas, entre ellas, Konecranes, Terberg, Stinis y Seacom. Tambi\u00e9n compramos diferentes tipos de montacargas para asegurarnos de tener siempre una amplia selecci\u00f3n de existencias para ofrecerles a [&hellip;]<\/p>\n","protected":false},"author":1,"featured_media":331,"parent":264,"menu_order":10,"comment_status":"closed","ping_status":"closed","template":"","meta":{"_acf_changed":false,"footnotes":""},"class_list":["post-266","page","type-page","status-publish","has-post-thumbnail","hentry"],"acf":[],"yoast_head":"<!-- This site is optimized with the Yoast SEO plugin v27.4 - https:\/\/yoast.com\/product\/yoast-seo-wordpress\/ -->\n<title>Adquisici\u00f3n - Global Port Equipment<\/title>\n<meta name=\"robots\" content=\"index, follow, max-snippet:-1, max-image-preview:large, max-video-preview:-1\" \/>\n<link rel=\"canonical\" href=\"https:\/\/globalportequipment.com\/es\/equipos\/adquisicion\/\" \/>\n<meta property=\"og:locale\" content=\"es_ES\" \/>\n<meta property=\"og:type\" content=\"article\" \/>\n<meta property=\"og:title\" content=\"Adquisici\u00f3n - Global Port Equipment\" \/>\n<meta property=\"og:description\" content=\"Global Port Equipment compra montacargas usadas, de modo que si usted tiene alguna para vender, no dude en comunicarse con nosotros. Compramos una amplia gama de marcas de montacargas, entre ellas, Konecranes, Terberg, Stinis y Seacom. Tambi\u00e9n compramos diferentes tipos de montacargas para asegurarnos de tener siempre una amplia selecci\u00f3n de existencias para ofrecerles a [&hellip;]\" \/>\n<meta property=\"og:url\" content=\"https:\/\/globalportequipment.com\/es\/equipos\/adquisicion\/\" \/>\n<meta property=\"og:site_name\" content=\"Global Port Equipment\" \/>\n<meta property=\"article:modified_time\" content=\"2018-01-26T15:15:43+00:00\" \/>\n<meta property=\"og:image\" content=\"https:\/\/globalportequipment.com\/wp-content\/uploads\/2017\/05\/purchase.jpg\" \/>\n\t<meta property=\"og:image:width\" content=\"970\" \/>\n\t<meta property=\"og:image:height\" content=\"348\" \/>\n\t<meta property=\"og:image:type\" content=\"image\/jpeg\" \/>\n<meta name=\"twitter:card\" content=\"summary_large_image\" \/>\n<meta name=\"twitter:label1\" content=\"Tiempo de lectura\" \/>\n\t<meta name=\"twitter:data1\" content=\"1 minuto\" \/>\n<script type=\"application\/ld+json\" class=\"yoast-schema-graph\">{\"@context\":\"https:\\\/\\\/schema.org\",\"@graph\":[{\"@type\":\"WebPage\",\"@id\":\"https:\\\/\\\/globalportequipment.com\\\/es\\\/equipos\\\/adquisicion\\\/\",\"url\":\"https:\\\/\\\/globalportequipment.com\\\/es\\\/equipos\\\/adquisicion\\\/\",\"name\":\"Adquisici\u00f3n - Global Port Equipment\",\"isPartOf\":{\"@id\":\"https:\\\/\\\/globalportequipment.com\\\/#website\"},\"primaryImageOfPage\":{\"@id\":\"https:\\\/\\\/globalportequipment.com\\\/es\\\/equipos\\\/adquisicion\\\/#primaryimage\"},\"image\":{\"@id\":\"https:\\\/\\\/globalportequipment.com\\\/es\\\/equipos\\\/adquisicion\\\/#primaryimage\"},\"thumbnailUrl\":\"https:\\\/\\\/globalportequipment.com\\\/wp-content\\\/uploads\\\/2017\\\/05\\\/purchase.jpg\",\"datePublished\":\"2017-05-13T09:29:28+00:00\",\"dateModified\":\"2018-01-26T15:15:43+00:00\",\"breadcrumb\":{\"@id\":\"https:\\\/\\\/globalportequipment.com\\\/es\\\/equipos\\\/adquisicion\\\/#breadcrumb\"},\"inLanguage\":\"es\",\"potentialAction\":[{\"@type\":\"ReadAction\",\"target\":[\"https:\\\/\\\/globalportequipment.com\\\/es\\\/equipos\\\/adquisicion\\\/\"]}]},{\"@type\":\"ImageObject\",\"inLanguage\":\"es\",\"@id\":\"https:\\\/\\\/globalportequipment.com\\\/es\\\/equipos\\\/adquisicion\\\/#primaryimage\",\"url\":\"https:\\\/\\\/globalportequipment.com\\\/wp-content\\\/uploads\\\/2017\\\/05\\\/purchase.jpg\",\"contentUrl\":\"https:\\\/\\\/globalportequipment.com\\\/wp-content\\\/uploads\\\/2017\\\/05\\\/purchase.jpg\",\"width\":970,\"height\":348},{\"@type\":\"BreadcrumbList\",\"@id\":\"https:\\\/\\\/globalportequipment.com\\\/es\\\/equipos\\\/adquisicion\\\/#breadcrumb\",\"itemListElement\":[{\"@type\":\"ListItem\",\"position\":1,\"name\":\"Home\",\"item\":\"https:\\\/\\\/globalportequipment.com\\\/es\\\/\"},{\"@type\":\"ListItem\",\"position\":2,\"name\":\"Equipos\",\"item\":\"https:\\\/\\\/globalportequipment.com\\\/es\\\/equipos\\\/\"},{\"@type\":\"ListItem\",\"position\":3,\"name\":\"Adquisici\u00f3n\"}]},{\"@type\":\"WebSite\",\"@id\":\"https:\\\/\\\/globalportequipment.com\\\/#website\",\"url\":\"https:\\\/\\\/globalportequipment.com\\\/\",\"name\":\"Global Port Equipment\",\"description\":\"Container handling equipment and special trailers\",\"publisher\":{\"@id\":\"https:\\\/\\\/globalportequipment.com\\\/#organization\"},\"potentialAction\":[{\"@type\":\"SearchAction\",\"target\":{\"@type\":\"EntryPoint\",\"urlTemplate\":\"https:\\\/\\\/globalportequipment.com\\\/?s={search_term_string}\"},\"query-input\":{\"@type\":\"PropertyValueSpecification\",\"valueRequired\":true,\"valueName\":\"search_term_string\"}}],\"inLanguage\":\"es\"},{\"@type\":\"Organization\",\"@id\":\"https:\\\/\\\/globalportequipment.com\\\/#organization\",\"name\":\"Global Port Equipment\",\"url\":\"https:\\\/\\\/globalportequipment.com\\\/\",\"logo\":{\"@type\":\"ImageObject\",\"inLanguage\":\"es\",\"@id\":\"https:\\\/\\\/globalportequipment.com\\\/#\\\/schema\\\/logo\\\/image\\\/\",\"url\":\"https:\\\/\\\/globalportequipment.com\\\/wp-content\\\/uploads\\\/2019\\\/10\\\/GPELogo.jpg\",\"contentUrl\":\"https:\\\/\\\/globalportequipment.com\\\/wp-content\\\/uploads\\\/2019\\\/10\\\/GPELogo.jpg\",\"width\":919,\"height\":370,\"caption\":\"Global Port Equipment\"},\"image\":{\"@id\":\"https:\\\/\\\/globalportequipment.com\\\/#\\\/schema\\\/logo\\\/image\\\/\"}}]}<\/script>\n<!-- \/ Yoast SEO plugin. -->","yoast_head_json":{"title":"Adquisici\u00f3n - Global Port Equipment","robots":{"index":"index","follow":"follow","max-snippet":"max-snippet:-1","max-image-preview":"max-image-preview:large","max-video-preview":"max-video-preview:-1"},"canonical":"https:\/\/globalportequipment.com\/es\/equipos\/adquisicion\/","og_locale":"es_ES","og_type":"article","og_title":"Adquisici\u00f3n - Global Port Equipment","og_description":"Global Port Equipment compra montacargas usadas, de modo que si usted tiene alguna para vender, no dude en comunicarse con nosotros. Compramos una amplia gama de marcas de montacargas, entre ellas, Konecranes, Terberg, Stinis y Seacom. Tambi\u00e9n compramos diferentes tipos de montacargas para asegurarnos de tener siempre una amplia selecci\u00f3n de existencias para ofrecerles a [&hellip;]","og_url":"https:\/\/globalportequipment.com\/es\/equipos\/adquisicion\/","og_site_name":"Global Port Equipment","article_modified_time":"2018-01-26T15:15:43+00:00","og_image":[{"width":970,"height":348,"url":"https:\/\/globalportequipment.com\/wp-content\/uploads\/2017\/05\/purchase.jpg","type":"image\/jpeg"}],"twitter_card":"summary_large_image","twitter_misc":{"Tiempo de lectura":"1 minuto"},"schema":{"@context":"https:\/\/schema.org","@graph":[{"@type":"WebPage","@id":"https:\/\/globalportequipment.com\/es\/equipos\/adquisicion\/","url":"https:\/\/globalportequipment.com\/es\/equipos\/adquisicion\/","name":"Adquisici\u00f3n - Global Port Equipment","isPartOf":{"@id":"https:\/\/globalportequipment.com\/#website"},"primaryImageOfPage":{"@id":"https:\/\/globalportequipment.com\/es\/equipos\/adquisicion\/#primaryimage"},"image":{"@id":"https:\/\/globalportequipment.com\/es\/equipos\/adquisicion\/#primaryimage"},"thumbnailUrl":"https:\/\/globalportequipment.com\/wp-content\/uploads\/2017\/05\/purchase.jpg","datePublished":"2017-05-13T09:29:28+00:00","dateModified":"2018-01-26T15:15:43+00:00","breadcrumb":{"@id":"https:\/\/globalportequipment.com\/es\/equipos\/adquisicion\/#breadcrumb"},"inLanguage":"es","potentialAction":[{"@type":"ReadAction","target":["https:\/\/globalportequipment.com\/es\/equipos\/adquisicion\/"]}]},{"@type":"ImageObject","inLanguage":"es","@id":"https:\/\/globalportequipment.com\/es\/equipos\/adquisicion\/#primaryimage","url":"https:\/\/globalportequipment.com\/wp-content\/uploads\/2017\/05\/purchase.jpg","contentUrl":"https:\/\/globalportequipment.com\/wp-content\/uploads\/2017\/05\/purchase.jpg","width":970,"height":348},{"@type":"BreadcrumbList","@id":"https:\/\/globalportequipment.com\/es\/equipos\/adquisicion\/#breadcrumb","itemListElement":[{"@type":"ListItem","position":1,"name":"Home","item":"https:\/\/globalportequipment.com\/es\/"},{"@type":"ListItem","position":2,"name":"Equipos","item":"https:\/\/globalportequipment.com\/es\/equipos\/"},{"@type":"ListItem","position":3,"name":"Adquisici\u00f3n"}]},{"@type":"WebSite","@id":"https:\/\/globalportequipment.com\/#website","url":"https:\/\/globalportequipment.com\/","name":"Global Port Equipment","description":"Container handling equipment and special trailers","publisher":{"@id":"https:\/\/globalportequipment.com\/#organization"},"potentialAction":[{"@type":"SearchAction","target":{"@type":"EntryPoint","urlTemplate":"https:\/\/globalportequipment.com\/?s={search_term_string}"},"query-input":{"@type":"PropertyValueSpecification","valueRequired":true,"valueName":"search_term_string"}}],"inLanguage":"es"},{"@type":"Organization","@id":"https:\/\/globalportequipment.com\/#organization","name":"Global Port Equipment","url":"https:\/\/globalportequipment.com\/","logo":{"@type":"ImageObject","inLanguage":"es","@id":"https:\/\/globalportequipment.com\/#\/schema\/logo\/image\/","url":"https:\/\/globalportequipment.com\/wp-content\/uploads\/2019\/10\/GPELogo.jpg","contentUrl":"https:\/\/globalportequipment.com\/wp-content\/uploads\/2019\/10\/GPELogo.jpg","width":919,"height":370,"caption":"Global Port Equipment"},"image":{"@id":"https:\/\/globalportequipment.com\/#\/schema\/logo\/image\/"}}]}},"_links":{"self":[{"href":"https:\/\/globalportequipment.com\/es\/wp-json\/wp\/v2\/pages\/266","targetHints":{"allow":["GET"]}}],"collection":[{"href":"https:\/\/globalportequipment.com\/es\/wp-json\/wp\/v2\/pages"}],"about":[{"href":"https:\/\/globalportequipment.com\/es\/wp-json\/wp\/v2\/types\/page"}],"author":[{"embeddable":true,"href":"https:\/\/globalportequipment.com\/es\/wp-json\/wp\/v2\/users\/1"}],"replies":[{"embeddable":true,"href":"https:\/\/globalportequipment.com\/es\/wp-json\/wp\/v2\/comments?post=266"}],"version-history":[{"count":1,"href":"https:\/\/globalportequipment.com\/es\/wp-json\/wp\/v2\/pages\/266\/revisions"}],"predecessor-version":[{"id":1099,"href":"https:\/\/globalportequipment.com\/es\/wp-json\/wp\/v2\/pages\/266\/revisions\/1099"}],"up":[{"embeddable":true,"href":"https:\/\/globalportequipment.com\/es\/wp-json\/wp\/v2\/pages\/264"}],"wp:featuredmedia":[{"embeddable":true,"href":"https:\/\/globalportequipment.com\/es\/wp-json\/wp\/v2\/media\/331"}],"wp:attachment":[{"href":"https:\/\/globalportequipment.com\/es\/wp-json\/wp\/v2\/media?parent=266"}],"curies":[{"name":"wp","href":"https:\/\/api.w.org\/{rel}","templated":true}]}}