{"id":267,"date":"2017-05-13T11:30:42","date_gmt":"2017-05-13T09:30:42","guid":{"rendered":"http:\/\/globalportequipment.com\/?page_id=267\/"},"modified":"2020-03-11T11:44:57","modified_gmt":"2020-03-11T10:44:57","slug":"comprar-alquilar-arrendar","status":"publish","type":"page","link":"https:\/\/globalportequipment.com\/es\/comprar-alquilar-arrendar\/","title":{"rendered":"Compra \/ Alquiler \/ Arrendar"},"content":{"rendered":"<p><strong>En Global Port Equipment, ofrecemos una serie de opciones para obtener equipos que responder\u00e1n a las necesidades de su negocio. Nuestras opciones:<\/strong><\/p>\n<h2>Compra de equipo portuario nuevo<\/h2>\n<p>Tenemos acuerdos de asociaci\u00f3n con varios de los principales fabricantes mundiales de equipos portuarios. De ese modo, tendr\u00e1 amplias opciones para encontrar algo que se adapte a sus necesidades espec\u00edficas.<\/p>\n<p>Los equipos nuevos que compramos pueden ser equipos de manipulaci\u00f3n de contenedores, carretillas elevadoras, remolques de plataforma baja, equipos de almac\u00e9n, remolcadores, balancines separadores para contenedores, cuellos de ganso y mucho m\u00e1s. Somos distribuidores de fabricantes prestigiosos como Seacom, Terberg, Konecranes y Stinis.<\/p>\n<h2>Compra de equipos usados<\/h2>\n<p>Adem\u00e1s de las asociaciones mencionadas, hemos firmado un acuerdo de asociaci\u00f3n exclusiva con Forkliftcenter. De ese modo podr\u00e1 elegir una amplia gama de m\u00e1quinas usadas en excelente estado, incluyendo carretillas elevadoras, apiladores telesc\u00f3picos, manipuladores de contenedores y mucho m\u00e1s.<\/p>\n<p>Las marcas que ofrecemos a trav\u00e9s de Forkliftcenter son Terex, Kalmar, Fantuzzi, SMV, Mafi, Hyster, Linde, Mitsubishi, Jungheinrich, Still, Caterpillar, Unicarrier, Toyota y muchas m\u00e1s.<\/p>\n<p>Usted nos compra a nosotros y nosotros le compramos a usted. Global Port Equipment le compra sus equipos usados. Para m\u00e1s informaci\u00f3n, visite <a href=\"https:\/\/globalportequipment.com\/es\/equipos\/adquisicion\/\">Adquisici\u00f3n<\/a><a href=\"http:\/\/gpeamericas.com\/company\/contact\/\">.<\/a><\/p>\n<h2>Alquiler de equipos<\/h2>\n<p>El alquiler es una forma muy econ\u00f3mica de ampliar la capacidad de sus operaciones. Es muy ventajoso si necesita ampliar la capacidad a corto plazo, porque el alquiler le da la flexibilidad de iniciar e interrumpir el acuerdo: solo pagar\u00e1 por el per\u00edodo en el que necesite el equipo. De ese modo, podr\u00e1 ahorrar dinero hasta que la capacidad vuelva a los niveles normales o decida firmar un acuerdo a largo plazo.<\/p>\n<p>Alquilamos remolcadores, balancines separadores de contenedores, carretillas elevadoras y mucho m\u00e1s.<\/p>\n<h2>Alquiler de equipos con opci\u00f3n de compra<\/h2>\n<p>Si necesita alg\u00fan equipo por un lapso m\u00e1s prolongado, pero no quiere incurrir en el costo que implica comprarlo nuevo, puede alquilarlo con opci\u00f3n de compra. Alquilamos con opci\u00f3n <span style=\"text-decoration: line-through;\">de<\/span> <u>a<\/u> compra a compa\u00f1\u00edas y operaciones en todos los pa\u00edses de Sudam\u00e9rica a trav\u00e9s de acuerdos con las principales compa\u00f1\u00edas especializadas en alquileres con opci\u00f3n a compra.<\/p>\n<p>Podr\u00e1 firmar este tipo de acuerdos por un per\u00edodo de 36 meses, 48 meses y 60 meses. Los equipos que ofrecemos con este tipo de acuerdos son tractores,\u00a0montacargas, m\u00e1quinas para manipular contenedores, balancines separadores y mucho m\u00e1s.<\/p>\n","protected":false},"excerpt":{"rendered":"<p>En Global Port Equipment, ofrecemos una serie de opciones para obtener equipos que responder\u00e1n a las necesidades de su negocio. Nuestras opciones: Compra de equipo portuario nuevo Tenemos acuerdos de asociaci\u00f3n con varios de los principales fabricantes mundiales de equipos portuarios. De ese modo, tendr\u00e1 amplias opciones para encontrar algo que se adapte a sus [&hellip;]<\/p>\n","protected":false},"author":1,"featured_media":1520,"parent":0,"menu_order":6,"comment_status":"closed","ping_status":"closed","template":"","meta":{"_acf_changed":false,"footnotes":""},"class_list":["post-267","page","type-page","status-publish","has-post-thumbnail","hentry"],"acf":[],"yoast_head":"<!-- This site is optimized with the Yoast SEO plugin v27.4 - https:\/\/yoast.com\/product\/yoast-seo-wordpress\/ -->\n<title>Compra \/ Alquiler \/ Arrendar - Global Port Equipment<\/title>\n<meta name=\"robots\" content=\"index, follow, max-snippet:-1, max-image-preview:large, max-video-preview:-1\" \/>\n<link rel=\"canonical\" href=\"https:\/\/globalportequipment.com\/es\/comprar-alquilar-arrendar\/\" \/>\n<meta property=\"og:locale\" content=\"es_ES\" \/>\n<meta property=\"og:type\" content=\"article\" \/>\n<meta property=\"og:title\" content=\"Compra \/ Alquiler \/ Arrendar - Global Port Equipment\" \/>\n<meta property=\"og:description\" content=\"En Global Port Equipment, ofrecemos una serie de opciones para obtener equipos que responder\u00e1n a las necesidades de su negocio. Nuestras opciones: Compra de equipo portuario nuevo Tenemos acuerdos de asociaci\u00f3n con varios de los principales fabricantes mundiales de equipos portuarios. De ese modo, tendr\u00e1 amplias opciones para encontrar algo que se adapte a sus [&hellip;]\" \/>\n<meta property=\"og:url\" content=\"https:\/\/globalportequipment.com\/es\/comprar-alquilar-arrendar\/\" \/>\n<meta property=\"og:site_name\" content=\"Global Port Equipment\" \/>\n<meta property=\"article:modified_time\" content=\"2020-03-11T10:44:57+00:00\" \/>\n<meta property=\"og:image\" content=\"https:\/\/globalportequipment.com\/wp-content\/uploads\/2020\/04\/buy.jpg\" \/>\n\t<meta property=\"og:image:width\" content=\"970\" \/>\n\t<meta property=\"og:image:height\" content=\"348\" \/>\n\t<meta property=\"og:image:type\" content=\"image\/jpeg\" \/>\n<meta name=\"twitter:card\" content=\"summary_large_image\" \/>\n<meta name=\"twitter:label1\" content=\"Tiempo de lectura\" \/>\n\t<meta name=\"twitter:data1\" content=\"2 minutos\" \/>\n<script type=\"application\/ld+json\" class=\"yoast-schema-graph\">{\"@context\":\"https:\\\/\\\/schema.org\",\"@graph\":[{\"@type\":\"WebPage\",\"@id\":\"https:\\\/\\\/globalportequipment.com\\\/es\\\/comprar-alquilar-arrendar\\\/\",\"url\":\"https:\\\/\\\/globalportequipment.com\\\/es\\\/comprar-alquilar-arrendar\\\/\",\"name\":\"Compra \\\/ Alquiler \\\/ Arrendar - Global Port Equipment\",\"isPartOf\":{\"@id\":\"https:\\\/\\\/globalportequipment.com\\\/#website\"},\"primaryImageOfPage\":{\"@id\":\"https:\\\/\\\/globalportequipment.com\\\/es\\\/comprar-alquilar-arrendar\\\/#primaryimage\"},\"image\":{\"@id\":\"https:\\\/\\\/globalportequipment.com\\\/es\\\/comprar-alquilar-arrendar\\\/#primaryimage\"},\"thumbnailUrl\":\"https:\\\/\\\/globalportequipment.com\\\/wp-content\\\/uploads\\\/2020\\\/04\\\/buy.jpg\",\"datePublished\":\"2017-05-13T09:30:42+00:00\",\"dateModified\":\"2020-03-11T10:44:57+00:00\",\"breadcrumb\":{\"@id\":\"https:\\\/\\\/globalportequipment.com\\\/es\\\/comprar-alquilar-arrendar\\\/#breadcrumb\"},\"inLanguage\":\"es\",\"potentialAction\":[{\"@type\":\"ReadAction\",\"target\":[\"https:\\\/\\\/globalportequipment.com\\\/es\\\/comprar-alquilar-arrendar\\\/\"]}]},{\"@type\":\"ImageObject\",\"inLanguage\":\"es\",\"@id\":\"https:\\\/\\\/globalportequipment.com\\\/es\\\/comprar-alquilar-arrendar\\\/#primaryimage\",\"url\":\"https:\\\/\\\/globalportequipment.com\\\/wp-content\\\/uploads\\\/2020\\\/04\\\/buy.jpg\",\"contentUrl\":\"https:\\\/\\\/globalportequipment.com\\\/wp-content\\\/uploads\\\/2020\\\/04\\\/buy.jpg\",\"width\":970,\"height\":348,\"caption\":\"Buy \\\/ Rent \\\/ Lease\"},{\"@type\":\"BreadcrumbList\",\"@id\":\"https:\\\/\\\/globalportequipment.com\\\/es\\\/comprar-alquilar-arrendar\\\/#breadcrumb\",\"itemListElement\":[{\"@type\":\"ListItem\",\"position\":1,\"name\":\"Home\",\"item\":\"https:\\\/\\\/globalportequipment.com\\\/es\\\/\"},{\"@type\":\"ListItem\",\"position\":2,\"name\":\"Compra \\\/ Alquiler \\\/ Arrendar\"}]},{\"@type\":\"WebSite\",\"@id\":\"https:\\\/\\\/globalportequipment.com\\\/#website\",\"url\":\"https:\\\/\\\/globalportequipment.com\\\/\",\"name\":\"Global Port Equipment\",\"description\":\"Container handling equipment and special trailers\",\"publisher\":{\"@id\":\"https:\\\/\\\/globalportequipment.com\\\/#organization\"},\"potentialAction\":[{\"@type\":\"SearchAction\",\"target\":{\"@type\":\"EntryPoint\",\"urlTemplate\":\"https:\\\/\\\/globalportequipment.com\\\/?s={search_term_string}\"},\"query-input\":{\"@type\":\"PropertyValueSpecification\",\"valueRequired\":true,\"valueName\":\"search_term_string\"}}],\"inLanguage\":\"es\"},{\"@type\":\"Organization\",\"@id\":\"https:\\\/\\\/globalportequipment.com\\\/#organization\",\"name\":\"Global Port Equipment\",\"url\":\"https:\\\/\\\/globalportequipment.com\\\/\",\"logo\":{\"@type\":\"ImageObject\",\"inLanguage\":\"es\",\"@id\":\"https:\\\/\\\/globalportequipment.com\\\/#\\\/schema\\\/logo\\\/image\\\/\",\"url\":\"https:\\\/\\\/globalportequipment.com\\\/wp-content\\\/uploads\\\/2019\\\/10\\\/GPELogo.jpg\",\"contentUrl\":\"https:\\\/\\\/globalportequipment.com\\\/wp-content\\\/uploads\\\/2019\\\/10\\\/GPELogo.jpg\",\"width\":919,\"height\":370,\"caption\":\"Global Port Equipment\"},\"image\":{\"@id\":\"https:\\\/\\\/globalportequipment.com\\\/#\\\/schema\\\/logo\\\/image\\\/\"}}]}<\/script>\n<!-- \/ Yoast SEO plugin. -->","yoast_head_json":{"title":"Compra \/ Alquiler \/ Arrendar - Global Port Equipment","robots":{"index":"index","follow":"follow","max-snippet":"max-snippet:-1","max-image-preview":"max-image-preview:large","max-video-preview":"max-video-preview:-1"},"canonical":"https:\/\/globalportequipment.com\/es\/comprar-alquilar-arrendar\/","og_locale":"es_ES","og_type":"article","og_title":"Compra \/ Alquiler \/ Arrendar - Global Port Equipment","og_description":"En Global Port Equipment, ofrecemos una serie de opciones para obtener equipos que responder\u00e1n a las necesidades de su negocio. Nuestras opciones: Compra de equipo portuario nuevo Tenemos acuerdos de asociaci\u00f3n con varios de los principales fabricantes mundiales de equipos portuarios. De ese modo, tendr\u00e1 amplias opciones para encontrar algo que se adapte a sus [&hellip;]","og_url":"https:\/\/globalportequipment.com\/es\/comprar-alquilar-arrendar\/","og_site_name":"Global Port Equipment","article_modified_time":"2020-03-11T10:44:57+00:00","og_image":[{"width":970,"height":348,"url":"https:\/\/globalportequipment.com\/wp-content\/uploads\/2020\/04\/buy.jpg","type":"image\/jpeg"}],"twitter_card":"summary_large_image","twitter_misc":{"Tiempo de lectura":"2 minutos"},"schema":{"@context":"https:\/\/schema.org","@graph":[{"@type":"WebPage","@id":"https:\/\/globalportequipment.com\/es\/comprar-alquilar-arrendar\/","url":"https:\/\/globalportequipment.com\/es\/comprar-alquilar-arrendar\/","name":"Compra \/ Alquiler \/ Arrendar - Global Port Equipment","isPartOf":{"@id":"https:\/\/globalportequipment.com\/#website"},"primaryImageOfPage":{"@id":"https:\/\/globalportequipment.com\/es\/comprar-alquilar-arrendar\/#primaryimage"},"image":{"@id":"https:\/\/globalportequipment.com\/es\/comprar-alquilar-arrendar\/#primaryimage"},"thumbnailUrl":"https:\/\/globalportequipment.com\/wp-content\/uploads\/2020\/04\/buy.jpg","datePublished":"2017-05-13T09:30:42+00:00","dateModified":"2020-03-11T10:44:57+00:00","breadcrumb":{"@id":"https:\/\/globalportequipment.com\/es\/comprar-alquilar-arrendar\/#breadcrumb"},"inLanguage":"es","potentialAction":[{"@type":"ReadAction","target":["https:\/\/globalportequipment.com\/es\/comprar-alquilar-arrendar\/"]}]},{"@type":"ImageObject","inLanguage":"es","@id":"https:\/\/globalportequipment.com\/es\/comprar-alquilar-arrendar\/#primaryimage","url":"https:\/\/globalportequipment.com\/wp-content\/uploads\/2020\/04\/buy.jpg","contentUrl":"https:\/\/globalportequipment.com\/wp-content\/uploads\/2020\/04\/buy.jpg","width":970,"height":348,"caption":"Buy \/ Rent \/ Lease"},{"@type":"BreadcrumbList","@id":"https:\/\/globalportequipment.com\/es\/comprar-alquilar-arrendar\/#breadcrumb","itemListElement":[{"@type":"ListItem","position":1,"name":"Home","item":"https:\/\/globalportequipment.com\/es\/"},{"@type":"ListItem","position":2,"name":"Compra \/ Alquiler \/ Arrendar"}]},{"@type":"WebSite","@id":"https:\/\/globalportequipment.com\/#website","url":"https:\/\/globalportequipment.com\/","name":"Global Port Equipment","description":"Container handling equipment and special trailers","publisher":{"@id":"https:\/\/globalportequipment.com\/#organization"},"potentialAction":[{"@type":"SearchAction","target":{"@type":"EntryPoint","urlTemplate":"https:\/\/globalportequipment.com\/?s={search_term_string}"},"query-input":{"@type":"PropertyValueSpecification","valueRequired":true,"valueName":"search_term_string"}}],"inLanguage":"es"},{"@type":"Organization","@id":"https:\/\/globalportequipment.com\/#organization","name":"Global Port Equipment","url":"https:\/\/globalportequipment.com\/","logo":{"@type":"ImageObject","inLanguage":"es","@id":"https:\/\/globalportequipment.com\/#\/schema\/logo\/image\/","url":"https:\/\/globalportequipment.com\/wp-content\/uploads\/2019\/10\/GPELogo.jpg","contentUrl":"https:\/\/globalportequipment.com\/wp-content\/uploads\/2019\/10\/GPELogo.jpg","width":919,"height":370,"caption":"Global Port Equipment"},"image":{"@id":"https:\/\/globalportequipment.com\/#\/schema\/logo\/image\/"}}]}},"_links":{"self":[{"href":"https:\/\/globalportequipment.com\/es\/wp-json\/wp\/v2\/pages\/267","targetHints":{"allow":["GET"]}}],"collection":[{"href":"https:\/\/globalportequipment.com\/es\/wp-json\/wp\/v2\/pages"}],"about":[{"href":"https:\/\/globalportequipment.com\/es\/wp-json\/wp\/v2\/types\/page"}],"author":[{"embeddable":true,"href":"https:\/\/globalportequipment.com\/es\/wp-json\/wp\/v2\/users\/1"}],"replies":[{"embeddable":true,"href":"https:\/\/globalportequipment.com\/es\/wp-json\/wp\/v2\/comments?post=267"}],"version-history":[{"count":3,"href":"https:\/\/globalportequipment.com\/es\/wp-json\/wp\/v2\/pages\/267\/revisions"}],"predecessor-version":[{"id":1517,"href":"https:\/\/globalportequipment.com\/es\/wp-json\/wp\/v2\/pages\/267\/revisions\/1517"}],"wp:featuredmedia":[{"embeddable":true,"href":"https:\/\/globalportequipment.com\/es\/wp-json\/wp\/v2\/media\/1520"}],"wp:attachment":[{"href":"https:\/\/globalportequipment.com\/es\/wp-json\/wp\/v2\/media?parent=267"}],"curies":[{"name":"wp","href":"https:\/\/api.w.org\/{rel}","templated":true}]}}