{"id":269,"date":"2017-05-13T11:31:14","date_gmt":"2017-05-13T09:31:14","guid":{"rendered":"http:\/\/globalportequipment.com\/?page_id=269\/"},"modified":"2018-01-26T14:38:49","modified_gmt":"2018-01-26T13:38:49","slug":"piezas-de-repuesto","status":"publish","type":"page","link":"https:\/\/globalportequipment.com\/es\/mantenimiento-y-repuestos\/piezas-de-repuesto\/","title":{"rendered":"Piezas de repuesto"},"content":{"rendered":"<p>En Global Port Equipment, los acuerdos de asociaci\u00f3n que tenemos con fabricantes y marcas comprenden el suministro de piezas de repuestos. De ese modo, nos aseguramos de que podremos entregarle los repuestos que necesite lo m\u00e1s r\u00e1pidamente posible, reduciendo los costos en los que podr\u00eda incurrir su negocio por la inactividad de alguna m\u00e1quina debido a una falla. Esto tambi\u00e9n le ayuda a asegurarse de que su equipo funcione con la mayor eficacia posible.<\/p>\n<p>Las piezas de repuesto que suministramos son de primera calidad, ya que provienen del fabricante original; trabajamos con marcas reconocidas en la industria como Seacom, Terberg, Stinis y Konecranes. Tambi\u00e9n somos distribuidor exclusivo de Forkliftcenter, cuya gama ampl\u00eda el abanico de piezas de repuesto que podemos ofrecerle. Muchas de las piezas ofrecidas son de segunda mano, lo que lo ayuda a ahorrar a\u00fan m\u00e1s.<\/p>\n<h2>Excelentes niveles de servicio<\/h2>\n<p>Todos los miembros de nuestro equipo conocen a la perfecci\u00f3n las m\u00e1quinas y equipos que suministramos, de modo que pueden identificar r\u00e1pidamente el repuesto que necesita. Disponemos de amplias existencias de repuestos, para reducir a\u00fan m\u00e1s el tiempo de espera y nuestra l\u00ednea de acceso directo garantiza la rapidez de la entrega de las piezas que tenemos que encargar.<\/p>\n","protected":false},"excerpt":{"rendered":"<p>En Global Port Equipment, los acuerdos de asociaci\u00f3n que tenemos con fabricantes y marcas comprenden el suministro de piezas de repuestos. De ese modo, nos aseguramos de que podremos entregarle los repuestos que necesite lo m\u00e1s r\u00e1pidamente posible, reduciendo los costos en los que podr\u00eda incurrir su negocio por la inactividad de alguna m\u00e1quina debido [&hellip;]<\/p>\n","protected":false},"author":1,"featured_media":337,"parent":268,"menu_order":0,"comment_status":"closed","ping_status":"closed","template":"","meta":{"_acf_changed":false,"footnotes":""},"class_list":["post-269","page","type-page","status-publish","has-post-thumbnail","hentry"],"acf":[],"yoast_head":"<!-- This site is optimized with the Yoast SEO plugin v27.3 - https:\/\/yoast.com\/product\/yoast-seo-wordpress\/ -->\n<title>Piezas de repuesto - Global Port Equipment<\/title>\n<meta name=\"robots\" content=\"index, follow, max-snippet:-1, max-image-preview:large, max-video-preview:-1\" \/>\n<link rel=\"canonical\" href=\"https:\/\/globalportequipment.com\/es\/mantenimiento-y-repuestos\/piezas-de-repuesto\/\" \/>\n<meta property=\"og:locale\" content=\"es_ES\" \/>\n<meta property=\"og:type\" content=\"article\" \/>\n<meta property=\"og:title\" content=\"Piezas de repuesto - Global Port Equipment\" \/>\n<meta property=\"og:description\" content=\"En Global Port Equipment, los acuerdos de asociaci\u00f3n que tenemos con fabricantes y marcas comprenden el suministro de piezas de repuestos. De ese modo, nos aseguramos de que podremos entregarle los repuestos que necesite lo m\u00e1s r\u00e1pidamente posible, reduciendo los costos en los que podr\u00eda incurrir su negocio por la inactividad de alguna m\u00e1quina debido [&hellip;]\" \/>\n<meta property=\"og:url\" content=\"https:\/\/globalportequipment.com\/es\/mantenimiento-y-repuestos\/piezas-de-repuesto\/\" \/>\n<meta property=\"og:site_name\" content=\"Global Port Equipment\" \/>\n<meta property=\"article:modified_time\" content=\"2018-01-26T13:38:49+00:00\" \/>\n<meta property=\"og:image\" content=\"https:\/\/globalportequipment.com\/wp-content\/uploads\/2017\/05\/spare_parts.jpg\" \/>\n\t<meta property=\"og:image:width\" content=\"970\" \/>\n\t<meta property=\"og:image:height\" content=\"348\" \/>\n\t<meta property=\"og:image:type\" content=\"image\/jpeg\" \/>\n<meta name=\"twitter:card\" content=\"summary_large_image\" \/>\n<meta name=\"twitter:label1\" content=\"Tiempo de lectura\" \/>\n\t<meta name=\"twitter:data1\" content=\"1 minuto\" \/>\n<script type=\"application\/ld+json\" class=\"yoast-schema-graph\">{\"@context\":\"https:\\\/\\\/schema.org\",\"@graph\":[{\"@type\":\"WebPage\",\"@id\":\"https:\\\/\\\/globalportequipment.com\\\/es\\\/mantenimiento-y-repuestos\\\/piezas-de-repuesto\\\/\",\"url\":\"https:\\\/\\\/globalportequipment.com\\\/es\\\/mantenimiento-y-repuestos\\\/piezas-de-repuesto\\\/\",\"name\":\"Piezas de repuesto - Global Port Equipment\",\"isPartOf\":{\"@id\":\"https:\\\/\\\/globalportequipment.com\\\/#website\"},\"primaryImageOfPage\":{\"@id\":\"https:\\\/\\\/globalportequipment.com\\\/es\\\/mantenimiento-y-repuestos\\\/piezas-de-repuesto\\\/#primaryimage\"},\"image\":{\"@id\":\"https:\\\/\\\/globalportequipment.com\\\/es\\\/mantenimiento-y-repuestos\\\/piezas-de-repuesto\\\/#primaryimage\"},\"thumbnailUrl\":\"https:\\\/\\\/globalportequipment.com\\\/wp-content\\\/uploads\\\/2017\\\/05\\\/spare_parts.jpg\",\"datePublished\":\"2017-05-13T09:31:14+00:00\",\"dateModified\":\"2018-01-26T13:38:49+00:00\",\"breadcrumb\":{\"@id\":\"https:\\\/\\\/globalportequipment.com\\\/es\\\/mantenimiento-y-repuestos\\\/piezas-de-repuesto\\\/#breadcrumb\"},\"inLanguage\":\"es\",\"potentialAction\":[{\"@type\":\"ReadAction\",\"target\":[\"https:\\\/\\\/globalportequipment.com\\\/es\\\/mantenimiento-y-repuestos\\\/piezas-de-repuesto\\\/\"]}]},{\"@type\":\"ImageObject\",\"inLanguage\":\"es\",\"@id\":\"https:\\\/\\\/globalportequipment.com\\\/es\\\/mantenimiento-y-repuestos\\\/piezas-de-repuesto\\\/#primaryimage\",\"url\":\"https:\\\/\\\/globalportequipment.com\\\/wp-content\\\/uploads\\\/2017\\\/05\\\/spare_parts.jpg\",\"contentUrl\":\"https:\\\/\\\/globalportequipment.com\\\/wp-content\\\/uploads\\\/2017\\\/05\\\/spare_parts.jpg\",\"width\":970,\"height\":348},{\"@type\":\"BreadcrumbList\",\"@id\":\"https:\\\/\\\/globalportequipment.com\\\/es\\\/mantenimiento-y-repuestos\\\/piezas-de-repuesto\\\/#breadcrumb\",\"itemListElement\":[{\"@type\":\"ListItem\",\"position\":1,\"name\":\"Home\",\"item\":\"https:\\\/\\\/globalportequipment.com\\\/es\\\/\"},{\"@type\":\"ListItem\",\"position\":2,\"name\":\"Mantenimiento y repuestos\",\"item\":\"https:\\\/\\\/globalportequipment.com\\\/es\\\/mantenimiento-y-repuestos\\\/\"},{\"@type\":\"ListItem\",\"position\":3,\"name\":\"Piezas de repuesto\"}]},{\"@type\":\"WebSite\",\"@id\":\"https:\\\/\\\/globalportequipment.com\\\/#website\",\"url\":\"https:\\\/\\\/globalportequipment.com\\\/\",\"name\":\"Global Port Equipment\",\"description\":\"Container handling equipment and special trailers\",\"publisher\":{\"@id\":\"https:\\\/\\\/globalportequipment.com\\\/#organization\"},\"potentialAction\":[{\"@type\":\"SearchAction\",\"target\":{\"@type\":\"EntryPoint\",\"urlTemplate\":\"https:\\\/\\\/globalportequipment.com\\\/?s={search_term_string}\"},\"query-input\":{\"@type\":\"PropertyValueSpecification\",\"valueRequired\":true,\"valueName\":\"search_term_string\"}}],\"inLanguage\":\"es\"},{\"@type\":\"Organization\",\"@id\":\"https:\\\/\\\/globalportequipment.com\\\/#organization\",\"name\":\"Global Port Equipment\",\"url\":\"https:\\\/\\\/globalportequipment.com\\\/\",\"logo\":{\"@type\":\"ImageObject\",\"inLanguage\":\"es\",\"@id\":\"https:\\\/\\\/globalportequipment.com\\\/#\\\/schema\\\/logo\\\/image\\\/\",\"url\":\"https:\\\/\\\/globalportequipment.com\\\/wp-content\\\/uploads\\\/2019\\\/10\\\/GPELogo.jpg\",\"contentUrl\":\"https:\\\/\\\/globalportequipment.com\\\/wp-content\\\/uploads\\\/2019\\\/10\\\/GPELogo.jpg\",\"width\":919,\"height\":370,\"caption\":\"Global Port Equipment\"},\"image\":{\"@id\":\"https:\\\/\\\/globalportequipment.com\\\/#\\\/schema\\\/logo\\\/image\\\/\"}}]}<\/script>\n<!-- \/ Yoast SEO plugin. -->","yoast_head_json":{"title":"Piezas de repuesto - Global Port Equipment","robots":{"index":"index","follow":"follow","max-snippet":"max-snippet:-1","max-image-preview":"max-image-preview:large","max-video-preview":"max-video-preview:-1"},"canonical":"https:\/\/globalportequipment.com\/es\/mantenimiento-y-repuestos\/piezas-de-repuesto\/","og_locale":"es_ES","og_type":"article","og_title":"Piezas de repuesto - Global Port Equipment","og_description":"En Global Port Equipment, los acuerdos de asociaci\u00f3n que tenemos con fabricantes y marcas comprenden el suministro de piezas de repuestos. De ese modo, nos aseguramos de que podremos entregarle los repuestos que necesite lo m\u00e1s r\u00e1pidamente posible, reduciendo los costos en los que podr\u00eda incurrir su negocio por la inactividad de alguna m\u00e1quina debido [&hellip;]","og_url":"https:\/\/globalportequipment.com\/es\/mantenimiento-y-repuestos\/piezas-de-repuesto\/","og_site_name":"Global Port Equipment","article_modified_time":"2018-01-26T13:38:49+00:00","og_image":[{"width":970,"height":348,"url":"https:\/\/globalportequipment.com\/wp-content\/uploads\/2017\/05\/spare_parts.jpg","type":"image\/jpeg"}],"twitter_card":"summary_large_image","twitter_misc":{"Tiempo de lectura":"1 minuto"},"schema":{"@context":"https:\/\/schema.org","@graph":[{"@type":"WebPage","@id":"https:\/\/globalportequipment.com\/es\/mantenimiento-y-repuestos\/piezas-de-repuesto\/","url":"https:\/\/globalportequipment.com\/es\/mantenimiento-y-repuestos\/piezas-de-repuesto\/","name":"Piezas de repuesto - Global Port Equipment","isPartOf":{"@id":"https:\/\/globalportequipment.com\/#website"},"primaryImageOfPage":{"@id":"https:\/\/globalportequipment.com\/es\/mantenimiento-y-repuestos\/piezas-de-repuesto\/#primaryimage"},"image":{"@id":"https:\/\/globalportequipment.com\/es\/mantenimiento-y-repuestos\/piezas-de-repuesto\/#primaryimage"},"thumbnailUrl":"https:\/\/globalportequipment.com\/wp-content\/uploads\/2017\/05\/spare_parts.jpg","datePublished":"2017-05-13T09:31:14+00:00","dateModified":"2018-01-26T13:38:49+00:00","breadcrumb":{"@id":"https:\/\/globalportequipment.com\/es\/mantenimiento-y-repuestos\/piezas-de-repuesto\/#breadcrumb"},"inLanguage":"es","potentialAction":[{"@type":"ReadAction","target":["https:\/\/globalportequipment.com\/es\/mantenimiento-y-repuestos\/piezas-de-repuesto\/"]}]},{"@type":"ImageObject","inLanguage":"es","@id":"https:\/\/globalportequipment.com\/es\/mantenimiento-y-repuestos\/piezas-de-repuesto\/#primaryimage","url":"https:\/\/globalportequipment.com\/wp-content\/uploads\/2017\/05\/spare_parts.jpg","contentUrl":"https:\/\/globalportequipment.com\/wp-content\/uploads\/2017\/05\/spare_parts.jpg","width":970,"height":348},{"@type":"BreadcrumbList","@id":"https:\/\/globalportequipment.com\/es\/mantenimiento-y-repuestos\/piezas-de-repuesto\/#breadcrumb","itemListElement":[{"@type":"ListItem","position":1,"name":"Home","item":"https:\/\/globalportequipment.com\/es\/"},{"@type":"ListItem","position":2,"name":"Mantenimiento y repuestos","item":"https:\/\/globalportequipment.com\/es\/mantenimiento-y-repuestos\/"},{"@type":"ListItem","position":3,"name":"Piezas de repuesto"}]},{"@type":"WebSite","@id":"https:\/\/globalportequipment.com\/#website","url":"https:\/\/globalportequipment.com\/","name":"Global Port Equipment","description":"Container handling equipment and special trailers","publisher":{"@id":"https:\/\/globalportequipment.com\/#organization"},"potentialAction":[{"@type":"SearchAction","target":{"@type":"EntryPoint","urlTemplate":"https:\/\/globalportequipment.com\/?s={search_term_string}"},"query-input":{"@type":"PropertyValueSpecification","valueRequired":true,"valueName":"search_term_string"}}],"inLanguage":"es"},{"@type":"Organization","@id":"https:\/\/globalportequipment.com\/#organization","name":"Global Port Equipment","url":"https:\/\/globalportequipment.com\/","logo":{"@type":"ImageObject","inLanguage":"es","@id":"https:\/\/globalportequipment.com\/#\/schema\/logo\/image\/","url":"https:\/\/globalportequipment.com\/wp-content\/uploads\/2019\/10\/GPELogo.jpg","contentUrl":"https:\/\/globalportequipment.com\/wp-content\/uploads\/2019\/10\/GPELogo.jpg","width":919,"height":370,"caption":"Global Port Equipment"},"image":{"@id":"https:\/\/globalportequipment.com\/#\/schema\/logo\/image\/"}}]}},"_links":{"self":[{"href":"https:\/\/globalportequipment.com\/es\/wp-json\/wp\/v2\/pages\/269","targetHints":{"allow":["GET"]}}],"collection":[{"href":"https:\/\/globalportequipment.com\/es\/wp-json\/wp\/v2\/pages"}],"about":[{"href":"https:\/\/globalportequipment.com\/es\/wp-json\/wp\/v2\/types\/page"}],"author":[{"embeddable":true,"href":"https:\/\/globalportequipment.com\/es\/wp-json\/wp\/v2\/users\/1"}],"replies":[{"embeddable":true,"href":"https:\/\/globalportequipment.com\/es\/wp-json\/wp\/v2\/comments?post=269"}],"version-history":[{"count":1,"href":"https:\/\/globalportequipment.com\/es\/wp-json\/wp\/v2\/pages\/269\/revisions"}],"predecessor-version":[{"id":1079,"href":"https:\/\/globalportequipment.com\/es\/wp-json\/wp\/v2\/pages\/269\/revisions\/1079"}],"up":[{"embeddable":true,"href":"https:\/\/globalportequipment.com\/es\/wp-json\/wp\/v2\/pages\/268"}],"wp:featuredmedia":[{"embeddable":true,"href":"https:\/\/globalportequipment.com\/es\/wp-json\/wp\/v2\/media\/337"}],"wp:attachment":[{"href":"https:\/\/globalportequipment.com\/es\/wp-json\/wp\/v2\/media?parent=269"}],"curies":[{"name":"wp","href":"https:\/\/api.w.org\/{rel}","templated":true}]}}