{"id":270,"date":"2017-05-13T11:33:08","date_gmt":"2017-05-13T09:33:08","guid":{"rendered":"http:\/\/globalportequipment.com\/?page_id=270\/"},"modified":"2018-01-26T14:40:43","modified_gmt":"2018-01-26T13:40:43","slug":"mantenimiento","status":"publish","type":"page","link":"https:\/\/globalportequipment.com\/es\/mantenimiento-y-repuestos\/mantenimiento\/","title":{"rendered":"Mantenimiento"},"content":{"rendered":"<p>Los servicios de verificaci\u00f3n y mantenimiento regular son fundamentales para que su equipo portuario est\u00e9 siempre en buenas condiciones de trabajo, tanto por cuestiones de seguridad como para asegurar la eficiencia de sus operaciones. Tambi\u00e9n reducen el riesgo de que el equipo desarrolle una falla, lo que le ayudar\u00e1 a ahorrar dinero, es decir, el gasto de la reparaci\u00f3n sumado al costo del tiempo de inactividad mientras duran las tareas de reparaci\u00f3n.<\/p>\n<p>En consecuencia, nuestros acuerdos de mantenimiento y verificaci\u00f3n son cruciales para nuestros niveles generales de servicio. En otras palabras, no nos conformamos con venderle un equipo. Por el contrario, queremos ser su socio y ayudarlo a tener y mantener una amplia gama de equipos portuarios.<\/p>\n<h2>Servicios para flotas<\/h2>\n<p>Si le suministramos una flota de m\u00e1quinas, estableceremos un punto de servicio en sus instalaciones, para garantizarle que tendr\u00e1 todo lo que necesite a su alcance. Este punto de servicio ser\u00e1 m\u00f3vil, de manera que podr\u00e1 trasladarlo y guardarlo en las instalaciones que lo necesiten. Tambi\u00e9n estar\u00e1 totalmente equipado con todo lo necesario para mantener su equipo: herramientas, documentaci\u00f3n de servicio para todas las m\u00e1quinas y un espacio para almacenar las piezas de repuesto.<\/p>\n<p>El resultado de esta metodolog\u00eda integral de mantenimiento y servicio post venta es que el mantenimiento de su equipo se hace con la mayor rapidez y eficacia posible, sin retrasos por tener que buscar documentaci\u00f3n, encontrar las herramientas adecuadas o esperar a que llegue la pieza de repuesto necesaria.<\/p>\n<p>Este nivel de servicio post venta es una de las ventajas que nos distingue de la competencia; la otra es la capacidad de nuestros mec\u00e1nicos. Todos ellos son expertos en el mantenimiento y reparaci\u00f3n de los equipos que vendemos y tienen relaciones s\u00f3lidas con los fabricantes de esos equipos. De ese modo, nos aseguramos de detectar r\u00e1pidamente los problemas y corregirlos lo antes posible, en cualquier lugar del mundo.<\/p>\n","protected":false},"excerpt":{"rendered":"<p>Los servicios de verificaci\u00f3n y mantenimiento regular son fundamentales para que su equipo portuario est\u00e9 siempre en buenas condiciones de trabajo, tanto por cuestiones de seguridad como para asegurar la eficiencia de sus operaciones. Tambi\u00e9n reducen el riesgo de que el equipo desarrolle una falla, lo que le ayudar\u00e1 a ahorrar dinero, es decir, el [&hellip;]<\/p>\n","protected":false},"author":1,"featured_media":346,"parent":268,"menu_order":4,"comment_status":"closed","ping_status":"closed","template":"","meta":{"_acf_changed":false,"footnotes":""},"class_list":["post-270","page","type-page","status-publish","has-post-thumbnail","hentry"],"acf":[],"yoast_head":"<!-- This site is optimized with the Yoast SEO plugin v27.4 - https:\/\/yoast.com\/product\/yoast-seo-wordpress\/ -->\n<title>Mantenimiento - Global Port Equipment<\/title>\n<meta name=\"robots\" content=\"index, follow, max-snippet:-1, max-image-preview:large, max-video-preview:-1\" \/>\n<link rel=\"canonical\" href=\"https:\/\/globalportequipment.com\/es\/mantenimiento-y-repuestos\/mantenimiento\/\" \/>\n<meta property=\"og:locale\" content=\"es_ES\" \/>\n<meta property=\"og:type\" content=\"article\" \/>\n<meta property=\"og:title\" content=\"Mantenimiento - Global Port Equipment\" \/>\n<meta property=\"og:description\" content=\"Los servicios de verificaci\u00f3n y mantenimiento regular son fundamentales para que su equipo portuario est\u00e9 siempre en buenas condiciones de trabajo, tanto por cuestiones de seguridad como para asegurar la eficiencia de sus operaciones. Tambi\u00e9n reducen el riesgo de que el equipo desarrolle una falla, lo que le ayudar\u00e1 a ahorrar dinero, es decir, el [&hellip;]\" \/>\n<meta property=\"og:url\" content=\"https:\/\/globalportequipment.com\/es\/mantenimiento-y-repuestos\/mantenimiento\/\" \/>\n<meta property=\"og:site_name\" content=\"Global Port Equipment\" \/>\n<meta property=\"article:modified_time\" content=\"2018-01-26T13:40:43+00:00\" \/>\n<meta property=\"og:image\" content=\"https:\/\/globalportequipment.com\/wp-content\/uploads\/2017\/05\/maintenance.jpg\" \/>\n\t<meta property=\"og:image:width\" content=\"970\" \/>\n\t<meta property=\"og:image:height\" content=\"348\" \/>\n\t<meta property=\"og:image:type\" content=\"image\/jpeg\" \/>\n<meta name=\"twitter:card\" content=\"summary_large_image\" \/>\n<meta name=\"twitter:label1\" content=\"Tiempo de lectura\" \/>\n\t<meta name=\"twitter:data1\" content=\"2 minutos\" \/>\n<script type=\"application\/ld+json\" class=\"yoast-schema-graph\">{\"@context\":\"https:\\\/\\\/schema.org\",\"@graph\":[{\"@type\":\"WebPage\",\"@id\":\"https:\\\/\\\/globalportequipment.com\\\/es\\\/mantenimiento-y-repuestos\\\/mantenimiento\\\/\",\"url\":\"https:\\\/\\\/globalportequipment.com\\\/es\\\/mantenimiento-y-repuestos\\\/mantenimiento\\\/\",\"name\":\"Mantenimiento - Global Port Equipment\",\"isPartOf\":{\"@id\":\"https:\\\/\\\/globalportequipment.com\\\/#website\"},\"primaryImageOfPage\":{\"@id\":\"https:\\\/\\\/globalportequipment.com\\\/es\\\/mantenimiento-y-repuestos\\\/mantenimiento\\\/#primaryimage\"},\"image\":{\"@id\":\"https:\\\/\\\/globalportequipment.com\\\/es\\\/mantenimiento-y-repuestos\\\/mantenimiento\\\/#primaryimage\"},\"thumbnailUrl\":\"https:\\\/\\\/globalportequipment.com\\\/wp-content\\\/uploads\\\/2017\\\/05\\\/maintenance.jpg\",\"datePublished\":\"2017-05-13T09:33:08+00:00\",\"dateModified\":\"2018-01-26T13:40:43+00:00\",\"breadcrumb\":{\"@id\":\"https:\\\/\\\/globalportequipment.com\\\/es\\\/mantenimiento-y-repuestos\\\/mantenimiento\\\/#breadcrumb\"},\"inLanguage\":\"es\",\"potentialAction\":[{\"@type\":\"ReadAction\",\"target\":[\"https:\\\/\\\/globalportequipment.com\\\/es\\\/mantenimiento-y-repuestos\\\/mantenimiento\\\/\"]}]},{\"@type\":\"ImageObject\",\"inLanguage\":\"es\",\"@id\":\"https:\\\/\\\/globalportequipment.com\\\/es\\\/mantenimiento-y-repuestos\\\/mantenimiento\\\/#primaryimage\",\"url\":\"https:\\\/\\\/globalportequipment.com\\\/wp-content\\\/uploads\\\/2017\\\/05\\\/maintenance.jpg\",\"contentUrl\":\"https:\\\/\\\/globalportequipment.com\\\/wp-content\\\/uploads\\\/2017\\\/05\\\/maintenance.jpg\",\"width\":970,\"height\":348},{\"@type\":\"BreadcrumbList\",\"@id\":\"https:\\\/\\\/globalportequipment.com\\\/es\\\/mantenimiento-y-repuestos\\\/mantenimiento\\\/#breadcrumb\",\"itemListElement\":[{\"@type\":\"ListItem\",\"position\":1,\"name\":\"Home\",\"item\":\"https:\\\/\\\/globalportequipment.com\\\/es\\\/\"},{\"@type\":\"ListItem\",\"position\":2,\"name\":\"Mantenimiento y repuestos\",\"item\":\"https:\\\/\\\/globalportequipment.com\\\/es\\\/mantenimiento-y-repuestos\\\/\"},{\"@type\":\"ListItem\",\"position\":3,\"name\":\"Mantenimiento\"}]},{\"@type\":\"WebSite\",\"@id\":\"https:\\\/\\\/globalportequipment.com\\\/#website\",\"url\":\"https:\\\/\\\/globalportequipment.com\\\/\",\"name\":\"Global Port Equipment\",\"description\":\"Container handling equipment and special trailers\",\"publisher\":{\"@id\":\"https:\\\/\\\/globalportequipment.com\\\/#organization\"},\"potentialAction\":[{\"@type\":\"SearchAction\",\"target\":{\"@type\":\"EntryPoint\",\"urlTemplate\":\"https:\\\/\\\/globalportequipment.com\\\/?s={search_term_string}\"},\"query-input\":{\"@type\":\"PropertyValueSpecification\",\"valueRequired\":true,\"valueName\":\"search_term_string\"}}],\"inLanguage\":\"es\"},{\"@type\":\"Organization\",\"@id\":\"https:\\\/\\\/globalportequipment.com\\\/#organization\",\"name\":\"Global Port Equipment\",\"url\":\"https:\\\/\\\/globalportequipment.com\\\/\",\"logo\":{\"@type\":\"ImageObject\",\"inLanguage\":\"es\",\"@id\":\"https:\\\/\\\/globalportequipment.com\\\/#\\\/schema\\\/logo\\\/image\\\/\",\"url\":\"https:\\\/\\\/globalportequipment.com\\\/wp-content\\\/uploads\\\/2019\\\/10\\\/GPELogo.jpg\",\"contentUrl\":\"https:\\\/\\\/globalportequipment.com\\\/wp-content\\\/uploads\\\/2019\\\/10\\\/GPELogo.jpg\",\"width\":919,\"height\":370,\"caption\":\"Global Port Equipment\"},\"image\":{\"@id\":\"https:\\\/\\\/globalportequipment.com\\\/#\\\/schema\\\/logo\\\/image\\\/\"}}]}<\/script>\n<!-- \/ Yoast SEO plugin. -->","yoast_head_json":{"title":"Mantenimiento - Global Port Equipment","robots":{"index":"index","follow":"follow","max-snippet":"max-snippet:-1","max-image-preview":"max-image-preview:large","max-video-preview":"max-video-preview:-1"},"canonical":"https:\/\/globalportequipment.com\/es\/mantenimiento-y-repuestos\/mantenimiento\/","og_locale":"es_ES","og_type":"article","og_title":"Mantenimiento - Global Port Equipment","og_description":"Los servicios de verificaci\u00f3n y mantenimiento regular son fundamentales para que su equipo portuario est\u00e9 siempre en buenas condiciones de trabajo, tanto por cuestiones de seguridad como para asegurar la eficiencia de sus operaciones. Tambi\u00e9n reducen el riesgo de que el equipo desarrolle una falla, lo que le ayudar\u00e1 a ahorrar dinero, es decir, el [&hellip;]","og_url":"https:\/\/globalportequipment.com\/es\/mantenimiento-y-repuestos\/mantenimiento\/","og_site_name":"Global Port Equipment","article_modified_time":"2018-01-26T13:40:43+00:00","og_image":[{"width":970,"height":348,"url":"https:\/\/globalportequipment.com\/wp-content\/uploads\/2017\/05\/maintenance.jpg","type":"image\/jpeg"}],"twitter_card":"summary_large_image","twitter_misc":{"Tiempo de lectura":"2 minutos"},"schema":{"@context":"https:\/\/schema.org","@graph":[{"@type":"WebPage","@id":"https:\/\/globalportequipment.com\/es\/mantenimiento-y-repuestos\/mantenimiento\/","url":"https:\/\/globalportequipment.com\/es\/mantenimiento-y-repuestos\/mantenimiento\/","name":"Mantenimiento - Global Port Equipment","isPartOf":{"@id":"https:\/\/globalportequipment.com\/#website"},"primaryImageOfPage":{"@id":"https:\/\/globalportequipment.com\/es\/mantenimiento-y-repuestos\/mantenimiento\/#primaryimage"},"image":{"@id":"https:\/\/globalportequipment.com\/es\/mantenimiento-y-repuestos\/mantenimiento\/#primaryimage"},"thumbnailUrl":"https:\/\/globalportequipment.com\/wp-content\/uploads\/2017\/05\/maintenance.jpg","datePublished":"2017-05-13T09:33:08+00:00","dateModified":"2018-01-26T13:40:43+00:00","breadcrumb":{"@id":"https:\/\/globalportequipment.com\/es\/mantenimiento-y-repuestos\/mantenimiento\/#breadcrumb"},"inLanguage":"es","potentialAction":[{"@type":"ReadAction","target":["https:\/\/globalportequipment.com\/es\/mantenimiento-y-repuestos\/mantenimiento\/"]}]},{"@type":"ImageObject","inLanguage":"es","@id":"https:\/\/globalportequipment.com\/es\/mantenimiento-y-repuestos\/mantenimiento\/#primaryimage","url":"https:\/\/globalportequipment.com\/wp-content\/uploads\/2017\/05\/maintenance.jpg","contentUrl":"https:\/\/globalportequipment.com\/wp-content\/uploads\/2017\/05\/maintenance.jpg","width":970,"height":348},{"@type":"BreadcrumbList","@id":"https:\/\/globalportequipment.com\/es\/mantenimiento-y-repuestos\/mantenimiento\/#breadcrumb","itemListElement":[{"@type":"ListItem","position":1,"name":"Home","item":"https:\/\/globalportequipment.com\/es\/"},{"@type":"ListItem","position":2,"name":"Mantenimiento y repuestos","item":"https:\/\/globalportequipment.com\/es\/mantenimiento-y-repuestos\/"},{"@type":"ListItem","position":3,"name":"Mantenimiento"}]},{"@type":"WebSite","@id":"https:\/\/globalportequipment.com\/#website","url":"https:\/\/globalportequipment.com\/","name":"Global Port Equipment","description":"Container handling equipment and special trailers","publisher":{"@id":"https:\/\/globalportequipment.com\/#organization"},"potentialAction":[{"@type":"SearchAction","target":{"@type":"EntryPoint","urlTemplate":"https:\/\/globalportequipment.com\/?s={search_term_string}"},"query-input":{"@type":"PropertyValueSpecification","valueRequired":true,"valueName":"search_term_string"}}],"inLanguage":"es"},{"@type":"Organization","@id":"https:\/\/globalportequipment.com\/#organization","name":"Global Port Equipment","url":"https:\/\/globalportequipment.com\/","logo":{"@type":"ImageObject","inLanguage":"es","@id":"https:\/\/globalportequipment.com\/#\/schema\/logo\/image\/","url":"https:\/\/globalportequipment.com\/wp-content\/uploads\/2019\/10\/GPELogo.jpg","contentUrl":"https:\/\/globalportequipment.com\/wp-content\/uploads\/2019\/10\/GPELogo.jpg","width":919,"height":370,"caption":"Global Port Equipment"},"image":{"@id":"https:\/\/globalportequipment.com\/#\/schema\/logo\/image\/"}}]}},"_links":{"self":[{"href":"https:\/\/globalportequipment.com\/es\/wp-json\/wp\/v2\/pages\/270","targetHints":{"allow":["GET"]}}],"collection":[{"href":"https:\/\/globalportequipment.com\/es\/wp-json\/wp\/v2\/pages"}],"about":[{"href":"https:\/\/globalportequipment.com\/es\/wp-json\/wp\/v2\/types\/page"}],"author":[{"embeddable":true,"href":"https:\/\/globalportequipment.com\/es\/wp-json\/wp\/v2\/users\/1"}],"replies":[{"embeddable":true,"href":"https:\/\/globalportequipment.com\/es\/wp-json\/wp\/v2\/comments?post=270"}],"version-history":[{"count":1,"href":"https:\/\/globalportequipment.com\/es\/wp-json\/wp\/v2\/pages\/270\/revisions"}],"predecessor-version":[{"id":1081,"href":"https:\/\/globalportequipment.com\/es\/wp-json\/wp\/v2\/pages\/270\/revisions\/1081"}],"up":[{"embeddable":true,"href":"https:\/\/globalportequipment.com\/es\/wp-json\/wp\/v2\/pages\/268"}],"wp:featuredmedia":[{"embeddable":true,"href":"https:\/\/globalportequipment.com\/es\/wp-json\/wp\/v2\/media\/346"}],"wp:attachment":[{"href":"https:\/\/globalportequipment.com\/es\/wp-json\/wp\/v2\/media?parent=270"}],"curies":[{"name":"wp","href":"https:\/\/api.w.org\/{rel}","templated":true}]}}