{"id":87,"date":"2017-05-13T11:31:52","date_gmt":"2017-05-13T09:31:52","guid":{"rendered":"http:\/\/globalportequipment.com\/?page_id=87\/"},"modified":"2018-01-26T14:40:02","modified_gmt":"2018-01-26T13:40:02","slug":"mecanica-de-urgencia","status":"publish","type":"page","link":"https:\/\/globalportequipment.com\/es\/mantenimiento-y-repuestos\/mecanica-de-urgencia\/","title":{"rendered":"Mec\u00e1nica de urgencia"},"content":{"rendered":"<p>En Global Port Equipment, nos esforzamos por ofrecer los mejores niveles de servicio a nuestros clientes. Es por eso que hemos puesto en marcha una innovaci\u00f3n en el sector de equipos portuarios: la atenci\u00f3n mec\u00e1nica de urgencia.<\/p>\n<p>Nuestra atenci\u00f3n mec\u00e1nica de urgencia forma parte del amplio servicio post venta que les ofrecemos a todos los clientes que nos compran equipos o repuestos.<\/p>\n<h2>Servicio de post venta<\/h2>\n<p>Este proceso se inicia la primera vez que usted nos compra una m\u00e1quina. La m\u00e1quina se entregar\u00e1 con todos los documentos de servicio necesarios para que sus mec\u00e1nicos tengan toda la informaci\u00f3n posible para realizar las tareas de mantenimiento y reparaciones con eficacia.<\/p>\n<p>Pero a veces, esto solo no alcanza, especialmente si el equipo desarrolla una falla. En ese caso, le ofreceremos nuestra asistencia directa y personalizada. En primer lugar, nuestro equipo de expertos le ofrecer\u00e1 asistencia remota a su mec\u00e1nico para asegurarse de que haya usado la pieza de repuesto correcta y para explicarle el proceso. En la mayor\u00eda de las situaciones, esto basta para arreglar la falla de la m\u00e1quina, pero en caso contrario, le ofrecemos otra opci\u00f3n: nuestro servicio de mec\u00e1nica de urgencia.<\/p>\n<h2>Mec\u00e1nica de urgencia<\/h2>\n<p>Es muy sencillo. Sabemos que una m\u00e1quina inactiva afecta sus m\u00e1rgenes de beneficio y el nivel de servicio que puede prestar a sus clientes. Con el fin de solucionar el problema en circunstancias como estas, le ofrecemos la opci\u00f3n de que uno de nuestros mec\u00e1nicos expertos en urgencias vaya hasta sus instalaciones. Todos ellos tienen amplia capacidad y experiencia en la reparaci\u00f3n de los equipos que suministramos, de modo que podr\u00e1 volver a ponerlos en marcha lo antes posible.<\/p>\n<p>Este servicio no solo le ayudar\u00e1 a reducir las p\u00e9rdidas por la inactividad inmediata, sino que tambi\u00e9n puede beneficiar a su negocio en el futuro. Es decir, nuestro mec\u00e1nico le ofrecer\u00e1 orientaci\u00f3n pr\u00e1ctica en sus instalaciones y asistencia para su equipo, de modo que podr\u00e1n ampliar sus conocimientos y habilidades y si volviera a aparecer el problema, podr\u00e1n corregirlo con m\u00e1s rapidez.<\/p>\n<p>Si usted nos compr\u00f3 el equipo a nosotros, tambi\u00e9n le ofrecemos servicios de mantenimiento y asistencia para ayudarle a instalar la pieza de repuesto. En ciertos casos, tambi\u00e9n podemos hacer visitas a sus instalaciones para encargarnos de la instalaci\u00f3n del repuesto nosotros mismos.<\/p>\n<p>Nuestro objetivo es lograr que el proceso de suministro de piezas de repuesto para la maquinaria imprescindible de su puerto sea lo m\u00e1s eficiente, rentable y c\u00f3modo posible. Ya no tendr\u00e1 que llamar por tel\u00e9fono y enviar decenas de correos electr\u00f3nicos a varios proveedores hasta encontrar alguno que pueda suministrarle el repuesto que necesita: recurra a nosotros en el futuro y ahorrar\u00e1 dinero, adem\u00e1s de conseguir el repuesto adecuado.<\/p>\n","protected":false},"excerpt":{"rendered":"<p>En Global Port Equipment, nos esforzamos por ofrecer los mejores niveles de servicio a nuestros clientes. Es por eso que hemos puesto en marcha una innovaci\u00f3n en el sector de equipos portuarios: la atenci\u00f3n mec\u00e1nica de urgencia. Nuestra atenci\u00f3n mec\u00e1nica de urgencia forma parte del amplio servicio post venta que les ofrecemos a todos los [&hellip;]<\/p>\n","protected":false},"author":1,"featured_media":343,"parent":268,"menu_order":2,"comment_status":"closed","ping_status":"closed","template":"","meta":{"_acf_changed":false,"footnotes":""},"class_list":["post-87","page","type-page","status-publish","has-post-thumbnail","hentry"],"acf":[],"yoast_head":"<!-- This site is optimized with the Yoast SEO plugin v27.3 - https:\/\/yoast.com\/product\/yoast-seo-wordpress\/ -->\n<title>Mec\u00e1nica de urgencia - Global Port Equipment<\/title>\n<meta name=\"robots\" content=\"index, follow, max-snippet:-1, max-image-preview:large, max-video-preview:-1\" \/>\n<link rel=\"canonical\" href=\"https:\/\/globalportequipment.com\/es\/mantenimiento-y-repuestos\/mecanica-de-urgencia\/\" \/>\n<meta property=\"og:locale\" content=\"es_ES\" \/>\n<meta property=\"og:type\" content=\"article\" \/>\n<meta property=\"og:title\" content=\"Mec\u00e1nica de urgencia - Global Port Equipment\" \/>\n<meta property=\"og:description\" content=\"En Global Port Equipment, nos esforzamos por ofrecer los mejores niveles de servicio a nuestros clientes. Es por eso que hemos puesto en marcha una innovaci\u00f3n en el sector de equipos portuarios: la atenci\u00f3n mec\u00e1nica de urgencia. Nuestra atenci\u00f3n mec\u00e1nica de urgencia forma parte del amplio servicio post venta que les ofrecemos a todos los [&hellip;]\" \/>\n<meta property=\"og:url\" content=\"https:\/\/globalportequipment.com\/es\/mantenimiento-y-repuestos\/mecanica-de-urgencia\/\" \/>\n<meta property=\"og:site_name\" content=\"Global Port Equipment\" \/>\n<meta property=\"article:modified_time\" content=\"2018-01-26T13:40:02+00:00\" \/>\n<meta property=\"og:image\" content=\"https:\/\/globalportequipment.com\/wp-content\/uploads\/2017\/05\/flying_mechanics.jpg\" \/>\n\t<meta property=\"og:image:width\" content=\"970\" \/>\n\t<meta property=\"og:image:height\" content=\"348\" \/>\n\t<meta property=\"og:image:type\" content=\"image\/jpeg\" \/>\n<meta name=\"twitter:card\" content=\"summary_large_image\" \/>\n<meta name=\"twitter:label1\" content=\"Tiempo de lectura\" \/>\n\t<meta name=\"twitter:data1\" content=\"2 minutos\" \/>\n<script type=\"application\/ld+json\" class=\"yoast-schema-graph\">{\"@context\":\"https:\\\/\\\/schema.org\",\"@graph\":[{\"@type\":\"WebPage\",\"@id\":\"https:\\\/\\\/globalportequipment.com\\\/es\\\/mantenimiento-y-repuestos\\\/mecanica-de-urgencia\\\/\",\"url\":\"https:\\\/\\\/globalportequipment.com\\\/es\\\/mantenimiento-y-repuestos\\\/mecanica-de-urgencia\\\/\",\"name\":\"Mec\u00e1nica de urgencia - Global Port Equipment\",\"isPartOf\":{\"@id\":\"https:\\\/\\\/globalportequipment.com\\\/#website\"},\"primaryImageOfPage\":{\"@id\":\"https:\\\/\\\/globalportequipment.com\\\/es\\\/mantenimiento-y-repuestos\\\/mecanica-de-urgencia\\\/#primaryimage\"},\"image\":{\"@id\":\"https:\\\/\\\/globalportequipment.com\\\/es\\\/mantenimiento-y-repuestos\\\/mecanica-de-urgencia\\\/#primaryimage\"},\"thumbnailUrl\":\"https:\\\/\\\/globalportequipment.com\\\/wp-content\\\/uploads\\\/2017\\\/05\\\/flying_mechanics.jpg\",\"datePublished\":\"2017-05-13T09:31:52+00:00\",\"dateModified\":\"2018-01-26T13:40:02+00:00\",\"breadcrumb\":{\"@id\":\"https:\\\/\\\/globalportequipment.com\\\/es\\\/mantenimiento-y-repuestos\\\/mecanica-de-urgencia\\\/#breadcrumb\"},\"inLanguage\":\"es\",\"potentialAction\":[{\"@type\":\"ReadAction\",\"target\":[\"https:\\\/\\\/globalportequipment.com\\\/es\\\/mantenimiento-y-repuestos\\\/mecanica-de-urgencia\\\/\"]}]},{\"@type\":\"ImageObject\",\"inLanguage\":\"es\",\"@id\":\"https:\\\/\\\/globalportequipment.com\\\/es\\\/mantenimiento-y-repuestos\\\/mecanica-de-urgencia\\\/#primaryimage\",\"url\":\"https:\\\/\\\/globalportequipment.com\\\/wp-content\\\/uploads\\\/2017\\\/05\\\/flying_mechanics.jpg\",\"contentUrl\":\"https:\\\/\\\/globalportequipment.com\\\/wp-content\\\/uploads\\\/2017\\\/05\\\/flying_mechanics.jpg\",\"width\":970,\"height\":348},{\"@type\":\"BreadcrumbList\",\"@id\":\"https:\\\/\\\/globalportequipment.com\\\/es\\\/mantenimiento-y-repuestos\\\/mecanica-de-urgencia\\\/#breadcrumb\",\"itemListElement\":[{\"@type\":\"ListItem\",\"position\":1,\"name\":\"Home\",\"item\":\"https:\\\/\\\/globalportequipment.com\\\/es\\\/\"},{\"@type\":\"ListItem\",\"position\":2,\"name\":\"Mantenimiento y repuestos\",\"item\":\"https:\\\/\\\/globalportequipment.com\\\/es\\\/mantenimiento-y-repuestos\\\/\"},{\"@type\":\"ListItem\",\"position\":3,\"name\":\"Mec\u00e1nica de urgencia\"}]},{\"@type\":\"WebSite\",\"@id\":\"https:\\\/\\\/globalportequipment.com\\\/#website\",\"url\":\"https:\\\/\\\/globalportequipment.com\\\/\",\"name\":\"Global Port Equipment\",\"description\":\"Container handling equipment and special trailers\",\"publisher\":{\"@id\":\"https:\\\/\\\/globalportequipment.com\\\/#organization\"},\"potentialAction\":[{\"@type\":\"SearchAction\",\"target\":{\"@type\":\"EntryPoint\",\"urlTemplate\":\"https:\\\/\\\/globalportequipment.com\\\/?s={search_term_string}\"},\"query-input\":{\"@type\":\"PropertyValueSpecification\",\"valueRequired\":true,\"valueName\":\"search_term_string\"}}],\"inLanguage\":\"es\"},{\"@type\":\"Organization\",\"@id\":\"https:\\\/\\\/globalportequipment.com\\\/#organization\",\"name\":\"Global Port Equipment\",\"url\":\"https:\\\/\\\/globalportequipment.com\\\/\",\"logo\":{\"@type\":\"ImageObject\",\"inLanguage\":\"es\",\"@id\":\"https:\\\/\\\/globalportequipment.com\\\/#\\\/schema\\\/logo\\\/image\\\/\",\"url\":\"https:\\\/\\\/globalportequipment.com\\\/wp-content\\\/uploads\\\/2019\\\/10\\\/GPELogo.jpg\",\"contentUrl\":\"https:\\\/\\\/globalportequipment.com\\\/wp-content\\\/uploads\\\/2019\\\/10\\\/GPELogo.jpg\",\"width\":919,\"height\":370,\"caption\":\"Global Port Equipment\"},\"image\":{\"@id\":\"https:\\\/\\\/globalportequipment.com\\\/#\\\/schema\\\/logo\\\/image\\\/\"}}]}<\/script>\n<!-- \/ Yoast SEO plugin. -->","yoast_head_json":{"title":"Mec\u00e1nica de urgencia - Global Port Equipment","robots":{"index":"index","follow":"follow","max-snippet":"max-snippet:-1","max-image-preview":"max-image-preview:large","max-video-preview":"max-video-preview:-1"},"canonical":"https:\/\/globalportequipment.com\/es\/mantenimiento-y-repuestos\/mecanica-de-urgencia\/","og_locale":"es_ES","og_type":"article","og_title":"Mec\u00e1nica de urgencia - Global Port Equipment","og_description":"En Global Port Equipment, nos esforzamos por ofrecer los mejores niveles de servicio a nuestros clientes. Es por eso que hemos puesto en marcha una innovaci\u00f3n en el sector de equipos portuarios: la atenci\u00f3n mec\u00e1nica de urgencia. Nuestra atenci\u00f3n mec\u00e1nica de urgencia forma parte del amplio servicio post venta que les ofrecemos a todos los [&hellip;]","og_url":"https:\/\/globalportequipment.com\/es\/mantenimiento-y-repuestos\/mecanica-de-urgencia\/","og_site_name":"Global Port Equipment","article_modified_time":"2018-01-26T13:40:02+00:00","og_image":[{"width":970,"height":348,"url":"https:\/\/globalportequipment.com\/wp-content\/uploads\/2017\/05\/flying_mechanics.jpg","type":"image\/jpeg"}],"twitter_card":"summary_large_image","twitter_misc":{"Tiempo de lectura":"2 minutos"},"schema":{"@context":"https:\/\/schema.org","@graph":[{"@type":"WebPage","@id":"https:\/\/globalportequipment.com\/es\/mantenimiento-y-repuestos\/mecanica-de-urgencia\/","url":"https:\/\/globalportequipment.com\/es\/mantenimiento-y-repuestos\/mecanica-de-urgencia\/","name":"Mec\u00e1nica de urgencia - Global Port Equipment","isPartOf":{"@id":"https:\/\/globalportequipment.com\/#website"},"primaryImageOfPage":{"@id":"https:\/\/globalportequipment.com\/es\/mantenimiento-y-repuestos\/mecanica-de-urgencia\/#primaryimage"},"image":{"@id":"https:\/\/globalportequipment.com\/es\/mantenimiento-y-repuestos\/mecanica-de-urgencia\/#primaryimage"},"thumbnailUrl":"https:\/\/globalportequipment.com\/wp-content\/uploads\/2017\/05\/flying_mechanics.jpg","datePublished":"2017-05-13T09:31:52+00:00","dateModified":"2018-01-26T13:40:02+00:00","breadcrumb":{"@id":"https:\/\/globalportequipment.com\/es\/mantenimiento-y-repuestos\/mecanica-de-urgencia\/#breadcrumb"},"inLanguage":"es","potentialAction":[{"@type":"ReadAction","target":["https:\/\/globalportequipment.com\/es\/mantenimiento-y-repuestos\/mecanica-de-urgencia\/"]}]},{"@type":"ImageObject","inLanguage":"es","@id":"https:\/\/globalportequipment.com\/es\/mantenimiento-y-repuestos\/mecanica-de-urgencia\/#primaryimage","url":"https:\/\/globalportequipment.com\/wp-content\/uploads\/2017\/05\/flying_mechanics.jpg","contentUrl":"https:\/\/globalportequipment.com\/wp-content\/uploads\/2017\/05\/flying_mechanics.jpg","width":970,"height":348},{"@type":"BreadcrumbList","@id":"https:\/\/globalportequipment.com\/es\/mantenimiento-y-repuestos\/mecanica-de-urgencia\/#breadcrumb","itemListElement":[{"@type":"ListItem","position":1,"name":"Home","item":"https:\/\/globalportequipment.com\/es\/"},{"@type":"ListItem","position":2,"name":"Mantenimiento y repuestos","item":"https:\/\/globalportequipment.com\/es\/mantenimiento-y-repuestos\/"},{"@type":"ListItem","position":3,"name":"Mec\u00e1nica de urgencia"}]},{"@type":"WebSite","@id":"https:\/\/globalportequipment.com\/#website","url":"https:\/\/globalportequipment.com\/","name":"Global Port Equipment","description":"Container handling equipment and special trailers","publisher":{"@id":"https:\/\/globalportequipment.com\/#organization"},"potentialAction":[{"@type":"SearchAction","target":{"@type":"EntryPoint","urlTemplate":"https:\/\/globalportequipment.com\/?s={search_term_string}"},"query-input":{"@type":"PropertyValueSpecification","valueRequired":true,"valueName":"search_term_string"}}],"inLanguage":"es"},{"@type":"Organization","@id":"https:\/\/globalportequipment.com\/#organization","name":"Global Port Equipment","url":"https:\/\/globalportequipment.com\/","logo":{"@type":"ImageObject","inLanguage":"es","@id":"https:\/\/globalportequipment.com\/#\/schema\/logo\/image\/","url":"https:\/\/globalportequipment.com\/wp-content\/uploads\/2019\/10\/GPELogo.jpg","contentUrl":"https:\/\/globalportequipment.com\/wp-content\/uploads\/2019\/10\/GPELogo.jpg","width":919,"height":370,"caption":"Global Port Equipment"},"image":{"@id":"https:\/\/globalportequipment.com\/#\/schema\/logo\/image\/"}}]}},"_links":{"self":[{"href":"https:\/\/globalportequipment.com\/es\/wp-json\/wp\/v2\/pages\/87","targetHints":{"allow":["GET"]}}],"collection":[{"href":"https:\/\/globalportequipment.com\/es\/wp-json\/wp\/v2\/pages"}],"about":[{"href":"https:\/\/globalportequipment.com\/es\/wp-json\/wp\/v2\/types\/page"}],"author":[{"embeddable":true,"href":"https:\/\/globalportequipment.com\/es\/wp-json\/wp\/v2\/users\/1"}],"replies":[{"embeddable":true,"href":"https:\/\/globalportequipment.com\/es\/wp-json\/wp\/v2\/comments?post=87"}],"version-history":[{"count":1,"href":"https:\/\/globalportequipment.com\/es\/wp-json\/wp\/v2\/pages\/87\/revisions"}],"predecessor-version":[{"id":1080,"href":"https:\/\/globalportequipment.com\/es\/wp-json\/wp\/v2\/pages\/87\/revisions\/1080"}],"up":[{"embeddable":true,"href":"https:\/\/globalportequipment.com\/es\/wp-json\/wp\/v2\/pages\/268"}],"wp:featuredmedia":[{"embeddable":true,"href":"https:\/\/globalportequipment.com\/es\/wp-json\/wp\/v2\/media\/343"}],"wp:attachment":[{"href":"https:\/\/globalportequipment.com\/es\/wp-json\/wp\/v2\/media?parent=87"}],"curies":[{"name":"wp","href":"https:\/\/api.w.org\/{rel}","templated":true}]}}